{"id":917,"date":"2018-07-20T13:02:08","date_gmt":"2018-07-20T11:02:08","guid":{"rendered":"https:\/\/plus-i.de\/?page_id=917"},"modified":"2021-04-09T10:27:28","modified_gmt":"2021-04-09T08:27:28","slug":"befragung","status":"publish","type":"page","link":"https:\/\/plus-i.de\/en\/befragung\/","title":{"rendered":"Informationen zur Telefonbefragung"},"content":{"rendered":"<h3>Studie und Durchf\u00fchrung<\/h3>\n<p>Die Universit\u00e4t M\u00fcnster bearbeitet seit Juli 2017 das <a href=\"https:\/\/plus-i.de\">Nachwuchsforschungsprojekt &#8220;Pluralisierung lokaler urbaner Sicherheitsproduktion&#8221;<\/a>, welches vom Bundesministerium f\u00fcr Bildung und Forschung (BMBF) finanziert wird. Dabei geht es darum, die in St\u00e4dten unterschiedlich umgesetzte Gew\u00e4hrleistung von Sicherheit und Ordnung in Innenst\u00e4dten zu untersuchen.<\/p>\n<p>Neben den Einsch\u00e4tzungen und Beschreibungen von den Sicherheitsakteuren (Polizei, Kommune und gewerblicher Sicherheit) selbst, ist es der Forschergruppe jedoch auch wichtig, dass die Bev\u00f6lkerung ihre Wahrnehmung schildert.<br \/>\nIm Zuge dessen wird in Zusammenarbeit mit der <a href=\"https:\/\/www.uni-muenster.de\/Soziologie\/BEMA\/\">Forschungsgruppe BEMA<\/a>, einer Forschungsgruppe des Instituts der Soziologie der Uni M\u00fcnster, eine im Sommer\/Herbst der Jahre 2018 bis 2021 jeweils eine telefonische Bev\u00f6lkerungsbefragung durchgef\u00fchrt. Die BEMA ist f\u00fcr die Durchf\u00fchrung der Befragung verantwortlich.<\/p>\n<h4>Wie wird die Studie durchgef\u00fchrt?<\/h4>\n<p>Zur Untersuchung der Wahrnehmung der Gew\u00e4hrleistung von Sicherheit und Ordnung in Innenst\u00e4dten durch die Bev\u00f6lkerung werden im Rahmen der Studie im Sommer\/Herbst der Jahre 2018 bis 2021 die Daten mittels einer&nbsp;<strong>anonymen und standardisierten, telefonischen Haushaltsbefragung in ausgew\u00e4hlten Gro\u00dfst\u00e4dten innerhalb Deutschlands<\/strong> erhoben.<\/p>\n<h3>Teilnahme und Datenschutz<\/h3>\n<h4>Wie kann ich teilnehmen?<\/h4>\n<p>Da es sich um eine repr\u00e4sentative Studie handelt, k\u00f6nnen Sie nur an der <strong>Bev\u00f6lkerungsumfrage<\/strong> teilnehmen, wenn Sie von uns angerufen worden sind.<\/p>\n<h4>Was passiert mit meinen Daten?<\/h4>\n<p>Bei den Erhebungen der Forschungsgruppe BEMA wird der Internationale Kodex f\u00fcr die Markt- und Sozialforschung strikt eingehalten. Dies bedeutet unter anderem:<\/p>\n<ul>\n<li>Wissenschaftlichkeit: Unsere Erhebungen sind Teil wissenschaftlicher Forschungsprojekte, bei denen nach dem aktuellen Forschungsstand empirische Untersuchungen durchgef\u00fchrt werden.<\/li>\n<li>Anonymisierung: S\u00e4mtliche erhobenen Daten werden ausschlie\u00dflich in anonymisierter Form verwendet und nur f\u00fcr die sozialwissenschaftliche Forschung verwendet.<\/li>\n<li>Abgrenzung: Unsere Erhebungen haben ausschlie\u00dflich wissenschaftliches Interesse; wir verkaufen also nichts, vermitteln keine Abonnements, und es entstehen selbstverst\u00e4ndlich auch keine Telefongeb\u00fchren f\u00fcr Sie.<\/li>\n<\/ul>\n<h4><\/h4>\n<h4>Sie haben weitere Fragen?<\/h4>\n<p>Weitere Informationen zur Telefonbefragung finden Sie auf der&nbsp;<a href=\"https:\/\/www.uni-muenster.de\/Soziologie\/BEMA\/informationen.shtml\">Seite der Forschungsgruppe<\/a>. Diese Seite enth\u00e4lt Antworten auf Fragen, die h\u00e4ufig bei Befragungen der BEMA aufkommen.<\/p>\n<h4>AnsprechpartnerInnen<\/h4>\n<p>Bei Fragen oder Anregungen nehmen Sie gerne Kontakt zu uns auf.<\/p>\n<p>Frau Sigrid Pehle, Tel.: +49 251 83 30539, sigrid.pehle@uni-muenster.de (inhaltliche Fragen)<\/p>\n<p>Dr. Marko Heyse, Tel.: +49 251 83 23196, marko.heyse@uni-muenster.de (organisatorische Fragen)<\/p>\n<p><img decoding=\"async\" loading=\"lazy\" class=\"wp-image-578 size-full alignleft\" src=\"https:\/\/plus-i.de\/wp-content\/uploads\/2017\/06\/PluS-i-Logo-mit-Titel-Meta-klein.png\" alt=\"\" width=\"400\" height=\"100\" srcset=\"https:\/\/plus-i.de\/wp-content\/uploads\/2017\/06\/PluS-i-Logo-mit-Titel-Meta-klein.png 400w, https:\/\/plus-i.de\/wp-content\/uploads\/2017\/06\/PluS-i-Logo-mit-Titel-Meta-klein-300x75.png 300w\" sizes=\"(max-width: 400px) 100vw, 400px\" \/><img decoding=\"async\" loading=\"lazy\" class=\"size-full wp-image-398 alignright\" src=\"https:\/\/plus-i.de\/wp-content\/uploads\/2017\/06\/BMBF_CMYK_Gef_M_C2-1-e1496915169856.jpg\" alt=\"\" width=\"133\" height=\"100\"><\/p>\n","protected":false},"excerpt":{"rendered":"<p>Studie und Durchf\u00fchrung Die Universit\u00e4t M\u00fcnster bearbeitet seit Juli 2017 das Nachwuchsforschungsprojekt &#8220;Pluralisierung lokaler urbaner Sicherheitsproduktion&#8221;, welches vom Bundesministerium f\u00fcr Bildung und Forschung (BMBF) finanziert wird. Dabei geht es darum, die in St\u00e4dten unterschiedlich umgesetzte Gew\u00e4hrleistung von Sicherheit und Ordnung in Innenst\u00e4dten zu untersuchen. Neben den Einsch\u00e4tzungen und Beschreibungen von den Sicherheitsakteuren (Polizei, Kommune und&hellip; <br \/> <a class=\"button small blue\" href=\"https:\/\/plus-i.de\/en\/befragung\/\">Read more<\/a><\/p>\n","protected":false},"author":1,"featured_media":0,"parent":0,"menu_order":0,"comment_status":"closed","ping_status":"closed","template":"","meta":{"inline_featured_image":false},"_links":{"self":[{"href":"https:\/\/plus-i.de\/en\/wp-json\/wp\/v2\/pages\/917"}],"collection":[{"href":"https:\/\/plus-i.de\/en\/wp-json\/wp\/v2\/pages"}],"about":[{"href":"https:\/\/plus-i.de\/en\/wp-json\/wp\/v2\/types\/page"}],"author":[{"embeddable":true,"href":"https:\/\/plus-i.de\/en\/wp-json\/wp\/v2\/users\/1"}],"replies":[{"embeddable":true,"href":"https:\/\/plus-i.de\/en\/wp-json\/wp\/v2\/comments?post=917"}],"version-history":[{"count":9,"href":"https:\/\/plus-i.de\/en\/wp-json\/wp\/v2\/pages\/917\/revisions"}],"predecessor-version":[{"id":2290,"href":"https:\/\/plus-i.de\/en\/wp-json\/wp\/v2\/pages\/917\/revisions\/2290"}],"wp:attachment":[{"href":"https:\/\/plus-i.de\/en\/wp-json\/wp\/v2\/media?parent=917"}],"curies":[{"name":"wp","href":"https:\/\/api.w.org\/{rel}","templated":true}]}}