{"id":68,"date":"2017-05-20T12:55:59","date_gmt":"2017-05-20T10:55:59","guid":{"rendered":"https:\/\/plus-i.de\/?page_id=68"},"modified":"2021-09-02T14:10:33","modified_gmt":"2021-09-02T12:10:33","slug":"sigrid-hiller","status":"publish","type":"page","link":"https:\/\/plus-i.de\/en\/sigrid-hiller\/","title":{"rendered":"Sigrid Pehle, M. A."},"content":{"rendered":"<p><\/p>\n<p><\/p>\n<p><strong>Sigrid Pehle, M. A. Social Science\u00a0<span class=\"s2\">(<\/span><span class=\"s2\">Methods<\/span> <span class=\"s2\">of<\/span> <span class=\"s2\">Social<\/span><span class=\"s2\"> R<\/span><span class=\"s2\">esearch)<\/span><\/strong><\/p>\n<p><span class=\"s2\">Sigrid Pehle <\/span>is a social scientist. Her research interests focus on empirical small-scale data analysis\u00a0and criminological topics such as white-collar crime.<\/p>\n<p>She is working on her doctoral thesis in the context of the BMBF funded junior research group PluS-i at the Institute of Political\u00a0Science at the University of M\u00fcnster. Previously, she worked as a researcher in BMBF funded projects dealing with prevention of corruption (\u201e<a href=\"http:\/\/riko.jura.uni-halle.de\">RiKo<\/a>\u201c) and radicalisation within the digital age (\u201e<a href=\"http:\/\/www.radigz.de\">RadigZ<\/a>\u201c).<br \/>\n<br class=\"clear\" \/><br \/>\n<strong>Main research and working interests<\/strong><\/p>\n<ul>\n<li>deviant behaviour<\/li>\n<li>juvenile delinquency<\/li>\n<li>white-collar crime<\/li>\n<li>small-scale data analysis<\/li>\n<li class=\"s4\">organisational sociology<\/li>\n<\/ul>\n<p><br class=\"clear\" \/><br \/>\n<strong>Publications (selection)<\/strong><\/p>\n<p>Sigrid Pehle, Frauke Reichl (im Erscheinen): Einblicke in das Projekt PluS-i: Ehrenamtliche als Akteur pluralen Polizierens.<\/p>\n<p>Sigrid Pehle (2021): Unterst\u00fctzungangebote f\u00fcr Betroffene von Kriminalit\u00e4t. In: Frevel, Bernhard: Kriminalit\u00e4t: Ursachen, Formen und Bek\u00e4mpfung. Aschendorff Verlag, S. 250-262.<\/p>\n<p>Dennis Goldig, Nathalie Hirschmann, Tobias John, Keerthana Kuperan, Sigrid Pehle Frauke Reichl, Lisa Vogt (2020). Forschungsmethoden im PluS-i Projekt, PluS-i Working Paper Nr. 9, Oktober 2020, M\u00fcnster. <a href=\"https:\/\/plus-i.de\/wp-content\/uploads\/2021\/04\/PluS-i_Working_Paper_Nr.9.pdf\">Download<\/a><\/p>\n<p>Sigrid Pehle (2020). Polizeiliche Leitbilder im Kontext der Organisationssoziologie \u2013 Ein \u00dcberblick. In: Sabrina Ellebrecht, Nicholas Eschenbruch, Peter Zoche (Hg.), Sicherheitslagen und Sicherheitstechnologien. Beitr\u00e4ge der ersten Sommerakademie der zivilen Sicherheitsforschung 2018. M\u00fcnster: LIT, S. 31-48.<\/p>\n<p>Sigrid Pehle (2020): B\u00fcrgerschaftliche Beurteilung von Sicherheitsakteuren im \u00f6ffentlichen Raum. In: Grafl, Christian; Stempkowski, Monika; Beclin, Katharina; Haider, Isabel (Hg.): &#8220;Sag, wie hast du&#8217;s mit der Kriminologie?&#8221;. Die Kriminologie im Gespr\u00e4ch mit ihren Nachbardisziplinen. M\u00f6nchengladbach: Forum Verlag Godesberg GmbH (Neue Kriminologische Schriftenreihe der Kriminologischen Gesellschaft e.V, Band 118), S. 919-931. <a href=\"http:\/\/www.krimg.de\/drupal\/files\/9783964100191.pdf\">Download<\/a><\/p>\n<p>Sigrid Pehle (2018). Die Bev\u00f6lkerungsbefragung \u2013 Fragebogenkonstruktion, PluS-i Working Paper Nr. 5, Dezember 2018, M\u00fcnster. <a href=\"https:\/\/plus-i.de\/wp-content\/uploads\/2021\/04\/Working_Paper_Nr.5.pdf\">Download<\/a><\/p>\n<p>Daniela Trunk &amp; Sigrid Hiller (2017): Korruptionspr\u00e4vention in deutschen Unternehmen und St\u00e4dten. In: Daniela Trunk &amp; Bernhard Frevel (eds.): Korruptionspr\u00e4vention in Unternehmen und Kommunen. Eine interdisziplin\u00e4re Studie. Springer VS: 43-59.<\/p>\n<p>Daniela Trunk, Carolin Schneider, Gernot Golka, Anne Vatter &amp; Sigrid Hiller (2017): Korruption und Korruptionspr\u00e4vention in der Wahrnehmung der deutschen Bev\u00f6lkerung. In: Daniela Trunk &amp; Bernhard Frevel (eds.): Korruptionspr\u00e4vention in Unternehmen und Kommunen. Eine interdisziplin\u00e4re Studie. Springer VS: 19-41.<\/p>\n<p>Daniela Trunk &amp; Sigrid Hiller: Risikomanagement der Korruption (RiKo) \u2013 Erste Ergebnisse der Befragung in KMU und bei Polizeien. In: Frank Neubacher &amp; Nicole B\u00f6gelein (eds.): Krise \u2013 Kriminalit\u00e4t \u2013 Kriminologie. Neue Kriminologische Schriftenreihe, M\u00f6nchengladbach 2016: 339-352.<br \/>\n<br class=\"clear\" \/><br \/>\n<strong>Membership<\/strong><\/p>\n<p><a href=\"https:\/\/www.esc-eurocrim.org\/\">European Society of Criminology<\/a><br \/>\n<br class=\"clear\" \/><br \/>\n<strong>Contact information<\/strong><\/p>\n<p>Sigrid Pehle, M. A.<\/p>\n<p>University of M\u00fcnster<br \/>\nInstitute of Political Science<br \/>\nJunior Research Group\u00a0PluS-i<br \/>\nScharnhorststr. 100<br \/>\nD-48151 M\u00fcnster<\/p>\n<p>Room 802<\/p>\n<p>Tel.: +49 (0)251 83-30539<\/p>\n<p>e-mail: sigrid[dot]pehle[at]uni-muenster[dot]de<br \/>\n<br class=\"clear\" \/><\/p>\n<p><img decoding=\"async\" loading=\"lazy\" class=\"wp-image-578 size-full alignleft\" src=\"https:\/\/plus-i.de\/wp-content\/uploads\/2017\/06\/PluS-i-Logo-mit-Titel-Meta-klein.png\" alt=\"\" width=\"400\" height=\"100\" srcset=\"https:\/\/plus-i.de\/wp-content\/uploads\/2017\/06\/PluS-i-Logo-mit-Titel-Meta-klein.png 400w, https:\/\/plus-i.de\/wp-content\/uploads\/2017\/06\/PluS-i-Logo-mit-Titel-Meta-klein-300x75.png 300w\" sizes=\"(max-width: 400px) 100vw, 400px\" \/><img decoding=\"async\" loading=\"lazy\" class=\"size-full wp-image-398 alignright\" src=\"https:\/\/plus-i.de\/wp-content\/uploads\/2017\/06\/BMBF_CMYK_Gef_M_C2-1-e1496915169856.jpg\" alt=\"\" width=\"133\" height=\"100\" \/><br \/>\n<\/p>","protected":false},"excerpt":{"rendered":"<p>Sigrid Pehle, M. A. Social Science\u00a0(Methods of Social Research) Sigrid Pehle is a social scientist. Her research interests focus on empirical small-scale data analysis\u00a0and criminological topics such as white-collar crime. She is working on her doctoral thesis in the context of the BMBF funded junior research group PluS-i at the Institute of Political\u00a0Science at the&hellip; <br \/> <a class=\"button small blue\" href=\"https:\/\/plus-i.de\/en\/sigrid-hiller\/\">Read more<\/a><\/p>\n","protected":false},"author":1,"featured_media":0,"parent":0,"menu_order":0,"comment_status":"closed","ping_status":"closed","template":"","meta":{"inline_featured_image":false},"_links":{"self":[{"href":"https:\/\/plus-i.de\/en\/wp-json\/wp\/v2\/pages\/68"}],"collection":[{"href":"https:\/\/plus-i.de\/en\/wp-json\/wp\/v2\/pages"}],"about":[{"href":"https:\/\/plus-i.de\/en\/wp-json\/wp\/v2\/types\/page"}],"author":[{"embeddable":true,"href":"https:\/\/plus-i.de\/en\/wp-json\/wp\/v2\/users\/1"}],"replies":[{"embeddable":true,"href":"https:\/\/plus-i.de\/en\/wp-json\/wp\/v2\/comments?post=68"}],"version-history":[{"count":11,"href":"https:\/\/plus-i.de\/en\/wp-json\/wp\/v2\/pages\/68\/revisions"}],"predecessor-version":[{"id":2470,"href":"https:\/\/plus-i.de\/en\/wp-json\/wp\/v2\/pages\/68\/revisions\/2470"}],"wp:attachment":[{"href":"https:\/\/plus-i.de\/en\/wp-json\/wp\/v2\/media?parent=68"}],"curies":[{"name":"wp","href":"https:\/\/api.w.org\/{rel}","templated":true}]}}