{"id":56,"date":"2017-05-20T12:48:55","date_gmt":"2017-05-20T10:48:55","guid":{"rendered":"https:\/\/plus-i.de\/?page_id=56"},"modified":"2021-04-09T10:44:19","modified_gmt":"2021-04-09T08:44:19","slug":"tobias-john","status":"publish","type":"page","link":"https:\/\/plus-i.de\/en\/tobias-john\/","title":{"rendered":"Dr. Tobias John"},"content":{"rendered":"<p><\/p>\n<p><\/p>\n<p><b>Dr. Tobias John, M.A.&nbsp;<\/b><b>Political Science, Geography, Sociology&nbsp;<\/b><\/p>\n<p><strong>Tobias John<\/strong>&nbsp;is political scientist. His research interests cover policy analysis focussing on internal security, theoretical perspectives on political actions and political influence. In his doctoral thesis he examined a theoretical perspective focussing on inconsistent developments in the political area of internal security.<\/p>\n<p>He is deputy head&nbsp;of the&nbsp;BMBF funded junior research group PluS-i at the Institute of Political Science at the University of M\u00fcnster and focuses on analysing political&nbsp;aspects of plural policing to identify differend models as well as aspects of political influence and legitimacy in the context of different plural policing models.&nbsp;Previously, he worked as researcher in&nbsp;BMBF funded projects&nbsp;regarding crime-prevention (\u201e<a href=\"https:\/\/www.uni-muenster.de\/IfPol\/forschen\/regieren\/kosipol.html\">KoSiPol<\/a>\u201c) and security in public transportation (\u201e<a href=\"https:\/\/skobb.de\">SkoBB<\/a>\u201c).<br \/>\n<br class=\"clear\"><br \/>\n<strong>Main research and working interests<\/strong><\/p>\n<ul>\n<li>policy analysis of internal&nbsp;security<\/li>\n<li>security research&nbsp;focussing on the interpretation of security e.g. securitization<\/li>\n<li>Legitimacy&nbsp;in the context of internal&nbsp;security policy<\/li>\n<li>theoretical perspectives on political influence and political action<\/li>\n<\/ul>\n<p><br class=\"clear\"><br \/>\n<strong>Publications (selection)<\/strong><\/p>\n<p>John, Tobias (2020): Policy-Making in M\u00f6glichkeitsr\u00e4umen. Pluralisierung der Sicherheitsproduktion und Konzeption einer kontingenzsensiblen policy-analytischen Perspektive, Springer VS, Wiesbaden.<\/p>\n<p>John, Tobias &amp; Nathalie Hirschmann (2020): Polizeiliches Handeln im Kontext pluralen Polizierens &#8211; Erkenntnissen aus dem Forschungsprojekt PluS-i. In: Ruch, Andreas und Daniela Hunold (eds.): Polizeiarbeit zwischen Praxishandeln und Rechtsordnung. Empirische Polizeiforschungen zur polizeipraktischen Ausgestaltung des Rechts, Springer VS, Wiesbaden, S. 255-278.<\/p>\n<p>Hirschmann, Nathalie &amp; Tobias John (2018): Nachwuchsforschungsprojekt PluS-i: Interdisziplin\u00e4re Analysen f\u00fcr ein kontextad\u00e4quates, legitimes, effizientes und effektives plurales Polizieren im urbanen Raum. In: Mensching, Anja und Astrid Jacobsen (eds.): Empirische Polizeiforschung XXI Polizei im Spannungsfeld von Autorit\u00e4t, Legitimit\u00e4t und Kompetenz, Verlag f\u00fcr Polizeiwissenschaft, Frankfurt a.M., S. 71-84.<\/p>\n<p>Tobias John &amp; Claudia Kaup (2016): Kooperationsstrukturen und Interaktion in der Sicherheitsproduktion f\u00fcr \u00d6PNV und SPNV. In: Marcus Kober &amp; Bernhard Frevel (eds.): Sicherheitskooperation f\u00fcr Bus und Bahn, Verlag f\u00fcr Polizeiwissenschaft: 89-131.<\/p>\n<p>Tobias John &amp; Claudia Kaup (2016): Problemperzeption und Sicherheitsverst\u00e4ndnis der Sicherheitsakteure in \u00d6PNV und SPNV. In: Marcus Kober &amp; Bernhard Frevel (eds.): Sicherheitskooperation f\u00fcr Bus und Bahn, Verlag f\u00fcr Polizeiwissenschaft:&nbsp;74-88.<\/p>\n<p>Bernhard Frevel &amp; Tobias John (2014): Kooperative Sicherheitspolitik als Konsequenz von Sekuritisation. Der Wandel lokaler Sicherheitsstrukturen im Kontext eines neuen Sicherheitsbegriffs. In: Hans-J\u00fcrgen Lange (ed.): Dimensionen der Sicherheitskultur, Springer VS:&nbsp;341-358.<\/p>\n<p>Tobias John (2014): Pluralisierte Sicherheitsproduktion \u2013 Staatliche Sicherheitsgew\u00e4hrleistung und Gewaltmonopol in ver\u00e4nderten Kontexten. In: Bernhard Frevel &amp; Hermann Gro\u00df (eds.): Empirische Polizeiforschung XVII: Polizei und Politik, Verlag f\u00fcr Polizeiwissenschaft:&nbsp;35-51.<\/p>\n<p>Tobias John (2013): Pluralisierte Sicherheitsproduktion \u2013 staatliche Sicherheitsgew\u00e4hrleistung, Gewaltmonopol und Folgen f\u00fcr die Polizei. In: Polizei &amp; Wissenschaft 3\/2013:&nbsp;18-26.<\/p>\n<p>Tobias John (2012): Sicherheit als Staatsauftrag im Wandel. In: Bernhard Frevel (ed.): Handlungsfelder lokaler Sicherheitspolitik. Netzwerke, Politikgestaltung und Perspektiven, Verlag f\u00fcr Polizeiwissenschaft: 318-336.<\/p>\n<p>Tobias John (2012): Interagency Policing. Sicherheitsstrukturen im Wandel. Workingpaper No. 10, Kooperative Sicherheitspolitik in der Stadt. Online available&nbsp;at: http:\/\/miami.uni-muenster.de\/servlets\/DocumentServlet?id=6170.<\/p>\n<p>Tobias John &amp; Verena Schulze (2012): Kooperative Sicherheitspolitik in der Stadt (KoSiPol) \u2013 Bericht zum Forschungsprojekt. In: forum kriminalpr\u00e4vention 03\/2012: 4-6.<\/p>\n<p>Tobias John (2011): Glossar. In: Bundeszentrale f\u00fcr politische Bildung (ed.): Online-Dossier Innere Sicherheit. Online available&nbsp;at: http:\/\/www.bpb.de\/politik\/innenpolitik\/innere-sicherheit\/76672\/glossar.<br \/>\n<br class=\"clear\"><br \/>\n<strong>Links and further information<br \/>\n<\/strong><a href=\"http:\/\/wwu.de\/\"><br \/>\n<\/a><a href=\"https:\/\/uni-m.academia.edu\/TobiasJohn\">Tobias John at academia.edu<\/a><br \/>\n<br class=\"clear\"><br \/>\n<strong>Contact information<\/strong><\/p>\n<p>Dr. Tobias John<\/p>\n<p>University of M\u00fcnster<br \/>\nInstitute of Political Science<br \/>\nJunior Research Group&nbsp;PluS-i<br \/>\nScharnhorststr. 100<br \/>\nD-48151 Muenster<\/p>\n<p>Room 801<\/p>\n<p>Tel.: +49 (0)251 83-30534<\/p>\n<p>E-Mail: tobias[dot]john[at]uni-muenster[dot]de<br \/>\n<br class=\"clear\"><br \/>\n<img decoding=\"async\" loading=\"lazy\" class=\"wp-image-578 size-full alignleft\" src=\"https:\/\/plus-i.de\/wp-content\/uploads\/2017\/06\/PluS-i-Logo-mit-Titel-Meta-klein.png\" alt=\"\" width=\"400\" height=\"100\" srcset=\"https:\/\/plus-i.de\/wp-content\/uploads\/2017\/06\/PluS-i-Logo-mit-Titel-Meta-klein.png 400w, https:\/\/plus-i.de\/wp-content\/uploads\/2017\/06\/PluS-i-Logo-mit-Titel-Meta-klein-300x75.png 300w\" sizes=\"(max-width: 400px) 100vw, 400px\" \/><img decoding=\"async\" loading=\"lazy\" class=\"size-full wp-image-398 alignright\" src=\"https:\/\/plus-i.de\/wp-content\/uploads\/2017\/06\/BMBF_CMYK_Gef_M_C2-1-e1496915169856.jpg\" alt=\"\" width=\"133\" height=\"100\"><\/p>\n<p><\/p>","protected":false},"excerpt":{"rendered":"<p>Dr. Tobias John, M.A.&nbsp;Political Science, Geography, Sociology&nbsp; Tobias John&nbsp;is political scientist. His research interests cover policy analysis focussing on internal security, theoretical perspectives on political actions and political influence. In his doctoral thesis he examined a theoretical perspective focussing on inconsistent developments in the political area of internal security. He is deputy head&nbsp;of the&nbsp;BMBF funded&hellip; <br \/> <a class=\"button small blue\" href=\"https:\/\/plus-i.de\/en\/tobias-john\/\">Read more<\/a><\/p>\n","protected":false},"author":1,"featured_media":0,"parent":0,"menu_order":0,"comment_status":"closed","ping_status":"closed","template":"","meta":{"inline_featured_image":false},"_links":{"self":[{"href":"https:\/\/plus-i.de\/en\/wp-json\/wp\/v2\/pages\/56"}],"collection":[{"href":"https:\/\/plus-i.de\/en\/wp-json\/wp\/v2\/pages"}],"about":[{"href":"https:\/\/plus-i.de\/en\/wp-json\/wp\/v2\/types\/page"}],"author":[{"embeddable":true,"href":"https:\/\/plus-i.de\/en\/wp-json\/wp\/v2\/users\/1"}],"replies":[{"embeddable":true,"href":"https:\/\/plus-i.de\/en\/wp-json\/wp\/v2\/comments?post=56"}],"version-history":[{"count":10,"href":"https:\/\/plus-i.de\/en\/wp-json\/wp\/v2\/pages\/56\/revisions"}],"predecessor-version":[{"id":2309,"href":"https:\/\/plus-i.de\/en\/wp-json\/wp\/v2\/pages\/56\/revisions\/2309"}],"wp:attachment":[{"href":"https:\/\/plus-i.de\/en\/wp-json\/wp\/v2\/media?parent=56"}],"curies":[{"name":"wp","href":"https:\/\/api.w.org\/{rel}","templated":true}]}}