{"id":53,"date":"2017-05-20T12:45:21","date_gmt":"2017-05-20T10:45:21","guid":{"rendered":"http:\/\/plus-i.de\/?page_id=53"},"modified":"2022-09-26T09:25:38","modified_gmt":"2022-09-26T07:25:38","slug":"nathalie-hirschmann","status":"publish","type":"page","link":"https:\/\/plus-i.de\/en\/nathalie-hirschmann\/","title":{"rendered":"Dr. Nathalie Hirschmann"},"content":{"rendered":"<p><b><br \/>\n<\/b><\/p>\n<p><strong>Dr. Nathalie Hirschmann,\u00a0M.A. Sociology,\u00a0Psychology, Classical Archaeology,\u00a0M. A. International Criminology<\/strong><\/p>\n<p><strong>Nathalie Hirschmann<\/strong> is sociologist and criminologist. Her research interests are amongst others the sociology of professions and organisational sociology in the context of security, criminology and empirical social science research. In her doctoral thesis she focused on private security services in Germany employing a sociology of professions and neo-institutionalist perspective.<\/p>\n<p>Nathalie Hirschmann is project leader of the BMBF funded junior research group PluS-i at the Institute of Political Science at the University of M\u00fcnster and is dealing with aspects of the so-called context adequacy (Kontextad\u00e4quanz) of policing, the sociological perspective of policing models and professionalisation issues of policing. Previously, she worked as researcher in various projects e.g. at the Center for Technology and Society at the TU Berlin (\u201e<a href=\"https:\/\/www.4d-sicherheit.de\/\">4D-Sicherheit<\/a>\u201c, \u201e<a href=\"https:\/\/cordis.europa.eu\/project\/id\/607941\/de\">CRISP<\/a>\u201c), the University of Applied Sciences of the State Police of Brandenburg (\u201e<a href=\"https:\/\/cordis.europa.eu\/project\/id\/241918\/de\">COMPOSITE<\/a>\u201c) and the University of Applied Science in Wiesbaden (\u201e<a href=\"https:\/\/www.uni-muenster.de\/IfPol\/forschen\/regieren\/kosipol.html\">KoSpiPol<\/a>\u201c).<\/p>\n<p><strong>Main research and working interests<\/strong><\/p>\n<ul>\n<li>security research\u00a0focussing on security stakeholders<\/li>\n<li>sociology of professions and organisational sociology in the context of security<\/li>\n<li>criminology<\/li>\n<li>criminal sociology<\/li>\n<li>behavioural and communication trainings, coaching<\/li>\n<\/ul>\n<p><strong>Publications (selection)<\/strong><\/p>\n<p>A full list of publications can be found <a href=\"https:\/\/download.plus-i.de\/index.php\/s\/WktC4QwNrPbg7ca\">here<\/a>.<\/p>\n<p><i>Monographies<\/i><\/p>\n<p>Hirschmann, Nathalie (2016): Sicherheit als professionelle Dienstleistung und Mythos. Eine soziologische Analyse der gewerblichen Sicherheit, Dissertation. Springer VS Research.<\/p>\n<p>Hirschmann, Nathalie &amp; Hermann Gro\u00df (2012): Polizierende Pr\u00e4senz. Kommunale Sicherheitspolitik zwischen Polizei, Verwaltung, Privatwirtschaft und B\u00fcrgern. Verlag f\u00fcr Polizeiwissenschaft.<\/p>\n<p><em>Peer reviewed Journals<\/em><\/p>\n<p>Nathalie Hirschmann (2018): Sicherheitsdienstleister im System der Sicherheit: Zu den Ausbaubestrebungen der Sicherheitswirtschaft und dem Wettbewerb mit der Polizei um Zust\u00e4ndigkeitsbereiche. In: Zeitschrift f\u00fc Friedens- und Konfliktforschung, 7. Jg., 2018, Heft 1: 96-131; DOI: 10.5771\/2192-1741-2018-1-96.<\/p>\n<p>Michael Stroh, Matthias Eichinger, Adams Giza, Nathalie Hirschmann, Nicole B\u00f6gelein, Angelika Pitsela &amp; Frank Neubacher (2016): Are female offenders underreported compared to male offenders? A German-Greek comparison of crime reporting, rating of offence seriousness and personal experiences of victimisation. In: European Journal on Criminal Policy and Research; Online First, pp. 1-19; DOI 10.1007\/s10610-016-9302-5.<\/p>\n<p>Michael Stroh, Matthias Eichinger, Adam Giza, Nathalie Hirschmann, Angela Pitsela &amp; Frank Neubacher (2013): Werden Frauen seltener angezeigt als M\u00e4nner? Die Bedeutung von Anzeigeverhalten, Schwereeinsch\u00e4tzung und Kriminalit\u00e4tserfahrungen f\u00fcr den Gender Gap. In: Monatsschrift f\u00fcr Kriminologie und Strafrechtsreform, Issue\u00a05: 382-399.<\/p>\n<p><i>Articles<\/i><\/p>\n<p>Tobias John, Nathalie Hirschmann (2020): Polizeiliches Handeln im Kontext pluralen Polizierens \u2013 Erkenntnisse aus dem Forschungsprojekt PluS-i. In: Daniela Hunold, Andreas Ruch (Hg.). Polizeiarbeit zwischen Praxishandeln und Rechtsordnung. Empirische Polizeiforschungen zur polizeipraktischen Ausgestaltung des Rechts. Springer, Wiesbaden.<\/p>\n<p>Nathalie Hirschmann (2020): Private security production. In: Gabriele Jacobs, Ilona Suojanen, Kate E. Horton &amp; Petra Saskia Bayerl (Eds.): International Security Management: New Solutions to Complexity. Springer, Wiesbaden.<\/p>\n<p>Nathalie Hirschmann (2020): Policing Diversity in Germany and its Consequences for Professional Development. In: Veronika Nagy &amp; Kl\u00e1ra Kerezsi (Eds.). A Critical Approach to Police Science. New Perspectives in Post-Transitional Policing Studies. Den Haag: Eleven international publishing.<\/p>\n<p>Nathalie Hirschmann (2017): \u201e Striving for Jurisdiction\u201c &#8211; Der Wettbewerb um Zust\u00e4ndigkeiten im System der Sicherheit. In: Bernhard Frevel &amp; Michaela Wendekamm (eds.): Sicherheitsproduktion zwischen Staat, Markt und Zivilgesellschaft. Studien zur Inneren Sicherheit. Springer VS: 145-166.<\/p>\n<p>Petra S. Bayerl, Nathalie Hirschmann &amp; Alexander Boden (2015): Kritik an der Polizei durch die Verwendung Sozialer Medien. In: Bernhard Frevel &amp; Rafael Behr (eds.): Empirische Polizeiforschung XVII: Die kritisierte Polizei. Verlag f\u00fcr Polizeiwissenschaft: 57-72.<\/p>\n<p>Mario Gruschinske, Nathalie Hirschmann &amp; Laura F\u00fcger (2015): Effective cross-border knowledge sharing between police forces &#8211; the German-Polish Police and Custom Cooperation Centre (PCCC). In: Hartmut Aden (ed.): Police Cooperation in the European Union under the Treaty of Lisbon. Opportunities and Limitations. Schriftenreihe des Arbeitskreises Europ\u00e4ische Integration e.V., Vol.\u00a083. Nomos Verlag: 177-188.<\/p>\n<p>Nathalie Hirschmann, Saskia P. Bayerl &amp; Alexander Boden (2014): Soziale Medien und deren Verwendung in Europas Polizeien. In: Ralf Berthel (ed.): Polizei im digitalen Zeitalter &#8211; Teil I. Rothenburger Beitr\u00e4ge, Vol.\u00a070. Rothenburg\/Oberlausitz: 55-68.<\/p>\n<p>Mario Gruschinske &amp; Nathalie Hirschmann (2013): Polizei im Netzwerk: Implizite Konzepte des Police Networking &#8211; Wie Europas Polizeien die Erwartungen ihrer externen Stakeholder managen &#8211; Ergebnisse aus dem EU-Projekt COMPOSITE. In: Bernhard Frevel &amp; Hermann Gro\u00df (eds.): Empirische Polizeiforschung XV: Konzepte polizeilichen Handelns. Verlag f\u00fcr Polizeiwissenschaft: 187-206.<\/p>\n<p>Nathalie Hirschmann &amp; Hermann Gro\u00df (2012): Polizierende Pr\u00e4senz. In: Bernhard Frevel (ed.): Handlungsfelder lokaler Sicherheitspolitik &#8211; Netzwerke, Politikgestaltung und Perspektiven. Verlag f\u00fcr Polizeiwissenschaft: 146-189.<\/p>\n<p><i>Journals<\/i><\/p>\n<p>Nathalie Hirschmann (2022): Zum Transfer wissenschaftlicher Erkenntnisse in die Praxis &#8211; Konzeptidee f\u00fcr einen projekt\u00fcbergreifenden Ansatz in der zivilen Sicherheitsforschung (aus dem Nachwuchsforschungsprojekt &#8220;PluS-i&#8221;). In: forum kriminalpr\u00e4vention, 03\/2022, S. 9-12.<\/p>\n<p>Frauke Reichl, Nathalie Hirschmann (2020). Pluralisierung lokaler urbaner Sicherheitsproduktion \u2013 Einblicke in das Forschungsprojekt PluS-i und erste Forschungsergebnisse am Beispiel des ehrenamtlichen Polizierens. In: SIAK Journal, 1\/2020, S. 40-54.<\/p>\n<p>Nathalie Hirschmann\u00a0&amp; Jochen Christe-Zeyse (2016): Effective Change Management in the Police: Insights from a European Research Project. In: Detlef Nogala, Klaus Neidhardt, Thomas G\u00f6rgen, Joachim Kersten, Jean-Marie Fiquet, Gorazd Mesko\u00a0 (eds.): European Police Science and Research Bulletin. Policing civil societies in times of economic constraints. Special Conference Edition No. 1: 154-159.<\/p>\n<p>Nathalie Hirschmann (2014): Cooperative Policing in the City: Voluntary Civic Engagement and the Citizens\u2019 Perspective. In: European Police Science and Research Bulletin, Winter 2014\/Issue 11: 21-33.<\/p>\n<p>Nathalie Hirschmann, Sebastian Denef, Alexander Boden, Nico Kaptein, Petra S. Bayerl &amp; Leonardo Ramirez (2013): Beispiele f\u00fcr die Verwendung sozialer Medien in den Polizeien Europas. Ergebnisse aus dem COMPOSITE Projekt. In: Zeitschrift f\u00fcr Polizei &#8211; Verkehr + Technik, Issue\u00a0November\/Dezember 2013: 2-4.<\/p>\n<p>Nathalie Hirschmann (2013): Polizei (von) morgen &#8211; Sicherheitsgew\u00e4hrleistung im Wettbewerb mit privaten Sicherheitsdienstleistern? In: Bernhard Frevel (ed.): Polizei im Wandel. Entwicklungen, Strukturen und Prozesse; Themenheft Zeitschrift Polizei &amp; Wissenschaft, Issue\u00a03\/2013: 35-45.<\/p>\n<p>Mario Gruschinske, Nathalie Hirschmann &amp; Susanne Stein-M\u00fcller (2013): Europe\u2018s Changing Police Forces. Comparative police studies in the European Union. In: SIAK Journal &#8211; International Edition: 19-30.<\/p>\n<p>Nathalie Hirschmann (2012): Polizeiarbeit 2.0: Facebook, Twitter und Co. Einsatz und Wirkung sozialer Medien in der Polizei. In: Deutsches Polizeiblatt f\u00fcr die Aus- und Fortbildung; No. 5\/2012: 13-15.<\/p>\n<p>Mario Gruschinske, Nathalie Hirschmann &amp; Susanne Stein-M\u00fcller (2012): Europas Polizeien im Wandel. Vergleichende Polizeistudien in der Europ\u00e4ischen Union. In: SIAK Journal; No. 2: 46-58.<\/p>\n<p>Nathalie Hirschmann (2012): Kommerzialisierung der \u00f6ffentlichen Sicherheit. PPP &#8211; Police-Private-Partnership. In: Deutsches Polizeiblatt f\u00fcr die Aus- und Fortbildung, No. 1\/ 2012: 9-10.<\/p>\n<p>Nathalie Hirschmann (2012): Neue Modelle des freiwilligen B\u00fcrgerengagements. Freiwilliger Polizeidienst in Baden-W\u00fcrttemberg und in Hessen. In: Deutsches Polizeiblatt f\u00fcr die Aus- und Fortbildung, No. 1\/2012: 25-27.<\/p>\n<p><i>Working Paper (PluS-i)<br \/>\n<\/i><\/p>\n<p>Dennis Goldig, Nathalie Hirschmann, Tobias John, Keerthana Kuperan, Sigrid Pehle Frauke Reichl, Lisa Vogt (2020). Forschungsmethoden im PluS-i Projekt, PluS-i Working Paper Nr. 9, Oktober 2020, M\u00fcnster. <a href=\"https:\/\/plus-i.de\/wp-content\/uploads\/2021\/04\/PluS-i_Working_Paper_Nr.9.pdf\" target=\"_blank\" rel=\"noopener\">Download<\/a><\/p>\n<p>Tobias John, Nathalie Hirschmann (2020). Modelle des pluralen Polizierens, PluS-i Working Paper Nr. 7, April 2020, M\u00fcnster. <a href=\"https:\/\/plus-i.de\/wp-content\/uploads\/2021\/04\/PluS-i_Working_Paper_Nr.7.pdf\" target=\"_blank\" rel=\"noopener\">Download<\/a><\/p>\n<p>Nathalie Hirschmann, Tobias John (2019). Projekt PluS-i: Forschungsgegenstand, Forschungsziele und Forschungskonzeption, PluS-i Working Paper Nr. 1, Oktober 2019 (3. Auflage). <a href=\"https:\/\/plus-i.de\/wp-content\/uploads\/2021\/04\/Working-Paper-1_aktualisiert-2019.pdf\" target=\"_blank\" rel=\"noopener\">Download<\/a><\/p>\n<p>Tobias John, Dennis Goldig, Nathalie Hirschmann (2018). Plurales Polizieren in deutschen Gro\u00dfst\u00e4dten \u2013 \u00dcberblick und Fallauswahl f\u00fcr das Projekt PluS-i, PluS-i Working Paper Nr. 2, M\u00e4rz 2018, M\u00fcnster. <a href=\"https:\/\/plus-i.de\/wp-content\/uploads\/2021\/04\/Working_Paper_Nr.2.pdf\" target=\"_blank\" rel=\"noopener\">Download<\/a><\/p>\n<p><strong>Membership<\/strong><\/p>\n<ul>\n<li><a href=\"http:\/\/www.empirische-polizeiforschung.de\/\">Arbeitskreis Empirische Polizeiforschung<\/a><\/li>\n<li><a href=\"http:\/\/www.soziologie.de\/\">Deutsche Gesellschaft f\u00fcr Soziologie (DGS)<\/a><\/li>\n<li><a href=\"https:\/\/www.abfev.de\/start\/\">Arbeit, Bildung, Forschung e.V. (ABF)<\/a><\/li>\n<\/ul>\n<p><strong>Contact information<\/strong><\/p>\n<p>Dr. Nathalie Hirschmann<\/p>\n<p>University of M\u00fcnster<br \/>\nInstitute of Political Science<br \/>\nJunior Research Group\u00a0PluS-i<br \/>\nScharnhorststr. 100<br \/>\nD-48151 Muenster<\/p>\n<p>Room 801<\/p>\n<p>Tel.: +49 (0)251 83-30533<\/p>\n<p>e-mail: nathalie[dot]hirschmann[at]uni-muenster[dot]de<\/p>\n<p><img decoding=\"async\" loading=\"lazy\" class=\"wp-image-578 size-full alignleft\" src=\"https:\/\/plus-i.de\/wp-content\/uploads\/2017\/06\/PluS-i-Logo-mit-Titel-Meta-klein.png\" alt=\"\" width=\"400\" height=\"100\" srcset=\"https:\/\/plus-i.de\/wp-content\/uploads\/2017\/06\/PluS-i-Logo-mit-Titel-Meta-klein.png 400w, https:\/\/plus-i.de\/wp-content\/uploads\/2017\/06\/PluS-i-Logo-mit-Titel-Meta-klein-300x75.png 300w\" sizes=\"(max-width: 400px) 100vw, 400px\" \/><img decoding=\"async\" loading=\"lazy\" class=\"size-full wp-image-398 alignright\" src=\"https:\/\/plus-i.de\/wp-content\/uploads\/2017\/06\/BMBF_CMYK_Gef_M_C2-1-e1496915169856.jpg\" alt=\"\" width=\"133\" height=\"100\" \/><\/p>\n<p><\/p>","protected":false},"excerpt":{"rendered":"<p>Dr. Nathalie Hirschmann,\u00a0M.A. Sociology,\u00a0Psychology, Classical Archaeology,\u00a0M. A. International Criminology Nathalie Hirschmann is sociologist and criminologist. Her research interests are amongst others the sociology of professions and organisational sociology in the context of security, criminology and empirical social science research. In her doctoral thesis she focused on private security services in Germany employing a sociology of&hellip; <br \/> <a class=\"button small blue\" href=\"https:\/\/plus-i.de\/en\/nathalie-hirschmann\/\">Read more<\/a><\/p>\n","protected":false},"author":1,"featured_media":0,"parent":0,"menu_order":0,"comment_status":"closed","ping_status":"closed","template":"","meta":{"inline_featured_image":false},"_links":{"self":[{"href":"https:\/\/plus-i.de\/en\/wp-json\/wp\/v2\/pages\/53"}],"collection":[{"href":"https:\/\/plus-i.de\/en\/wp-json\/wp\/v2\/pages"}],"about":[{"href":"https:\/\/plus-i.de\/en\/wp-json\/wp\/v2\/types\/page"}],"author":[{"embeddable":true,"href":"https:\/\/plus-i.de\/en\/wp-json\/wp\/v2\/users\/1"}],"replies":[{"embeddable":true,"href":"https:\/\/plus-i.de\/en\/wp-json\/wp\/v2\/comments?post=53"}],"version-history":[{"count":10,"href":"https:\/\/plus-i.de\/en\/wp-json\/wp\/v2\/pages\/53\/revisions"}],"predecessor-version":[{"id":2788,"href":"https:\/\/plus-i.de\/en\/wp-json\/wp\/v2\/pages\/53\/revisions\/2788"}],"wp:attachment":[{"href":"https:\/\/plus-i.de\/en\/wp-json\/wp\/v2\/media?parent=53"}],"curies":[{"name":"wp","href":"https:\/\/api.w.org\/{rel}","templated":true}]}}