{"id":5,"date":"2017-05-20T11:51:20","date_gmt":"2017-05-20T09:51:20","guid":{"rendered":"http:\/\/plus-i.de\/one-page-express\/"},"modified":"2022-05-04T08:08:03","modified_gmt":"2022-05-04T06:08:03","slug":"one-page-express","status":"publish","type":"page","link":"https:\/\/plus-i.de\/en\/","title":{"rendered":"Front Page"},"content":{"rendered":"<div id=\"features-4\" class=\"features-overlapped-icons-section\" style=\"background-color: #f6f6f6;\" data-label=\"Features\" data-id=\"features-overlapped-icons-section\" data-category=\"features\">\n<div class=\"gridContainer\">\n<div class=\"features-overlapped-icons-textrow\">\n<div class=\"features-overlapped-icons-textcol dynamic-color\" data-type=\"column\">\n<h4 class=\"has-text-align-left\">Project: research questions and objectives<\/h4>\n<h2 class=\"has-text-align-left\">Pluralisation of local urban security production (PluS-i)<\/h2>\n<p class=\"has-text-align-left\">The junior research group <b>Pluralisation of local urban security production &#8211; interdisciplinary analysis for a context adequate, legitimate, efficient and effective plural policing (PluS-i)<\/b> at the Institute of Political Science, University of M\u00fcnster (WWU), studies the heterogenous development of local security production. By interdisciplinary and multi-perspective research, the research group focuses on plural policing in urban areas in Germany. Plural policing is defined as a publicly perceived form of security production and maintenance by state and local authorities, private security, individuals, organisations and local initiatives. In order to contribute to security in the long run, it is assumed, that plural policing shall be <b>context adequate<\/b>, <b>legitimate<\/b>, <b>efficient<\/b> and <b>effective<\/b>.<\/p>\n<p class=\"has-text-align-left\">The junior research group PluS-i is funded by the Federal Ministry of Education and Research (BMBF) in the context of the call &#8220;Promotion of young researchers by establishing interdisciplinary competences&#8221; in the programme &#8220;research for civil security 2012 &#8211; 2017&#8221; (<a href=\"http:\/\/www.sifo.de\">www.sifo.de<\/a>).<\/p>\n\n<\/div>\n<\/div>\n<div class=\"features-overlapped-icons-featuresrow flexbox-list\" data-type=\"row\">\n<div class=\"features-large-icons-featcol cp6cols-tablet cp6cols\">\n<div class=\"features-overlapped-icons-featinnerrow\">\n<div class=\"features-icon-container\"><\/div>\n<div class=\"\" data-type=\"column\">\n<h4 class=\"has-text-align-left\">Research Questions<\/h4>\n<p class=\"has-text-align-left\">Identification of plural policing models<\/p>\n<p class=\"has-text-align-left\">Multi-perspective comparison of different models and developments in plural policing<\/p>\n\r\n\t<a class=\"paoc-popup-click paoc-popup-cust-2152 paoc-popup-simple_link paoc-popup-link\" href=\"javascript:void(0);\">more<\/a>\r\n\r\n\n\n<\/div>\n<\/div>\n<\/div>\n<div class=\"features-large-icons-featcol cp6cols-tablet cp6cols\">\n<div class=\"features-overlapped-icons-featinnerrow\">\n<div class=\"features-icon-container\"><\/div>\n<div class=\"\" data-type=\"column\">\n<h4 class=\"has-text-align-left\">Research Objectives<\/h4>\n<p class=\"has-text-align-left\">Developments and impacts of plural policing<\/p>\n<p class=\"has-text-align-left\">Providing practical information for a future design of plural policing<\/p>\n\r\n\t<a class=\"paoc-popup-click paoc-popup-cust-2155 paoc-popup-simple_link paoc-popup-link\" href=\"javascript:void(0);\">more<\/a>\r\n\r\n\n\n<\/div>\n<\/div>\n<\/div>\n<\/div>\n<\/div>\n<\/div>\n<div id=\"news\" class=\"blog-section\" style=\"background-color: #ffffff;\" data-label=\"Latest posts\" data-id=\"blog-section\" data-category=\"latest_news\">\n<div class=\"gridContainer\">\n<div class=\"blog-textrow\">\n<div class=\"blog-textcol dynamic-color\" data-type=\"column\">\n<h2 class=\"\">News<\/h2>\n<\/div>\n<\/div>\n<style>.wp-show-posts-columns#wpsp-2105 {margin-left: -2em; }.wp-show-posts-columns#wpsp-2105 .wp-show-posts-inner {margin: 0 0 2em 2em; }<\/style><section id=\"wpsp-2105\" class=\" wp-show-posts-columns wp-show-posts\" style=\"\"><article class=\" wp-show-posts-single post-2811 post type-post status-publish format-standard hentry category-uncategorized wpsp-col-6\" itemtype=\"http:\/\/schema.org\/CreativeWork\" itemscope><div class=\"wp-show-posts-inner\" style=\"\">\t\t\t\t\t\t<header class=\"wp-show-posts-entry-header\">\n\t\t\t\t\t\t\t<h4 class=\"wp-show-posts-entry-title\" itemprop=\"headline\"><a href=\"https:\/\/plus-i.de\/en\/2022\/12\/22\/projektende-und-newsletter-7-2022\/\" rel=\"bookmark\">Projektende und Newsletter 7\/2022<\/a><\/h4><div class=\"wp-show-posts-entry-meta wp-show-posts-entry-meta-below-title post-meta-inline\"><span class=\"wp-show-posts-posted-on wp-show-posts-meta\">\n\t\t\t\t\t<a href=\"https:\/\/plus-i.de\/en\/2022\/12\/22\/projektende-und-newsletter-7-2022\/\" title=\"11:30 AM\" rel=\"bookmark\"><time class=\"wp-show-posts-entry-date published\" datetime=\"2022-12-22T11:30:21+00:00\" itemprop=\"datePublished\">Thursday December 22nd, 2022<\/time><time class=\"wp-show-posts-updated\" datetime=\"2022-12-22T11:34:20+00:00\" itemprop=\"dateModified\">Thursday December 22nd, 2022<\/time><\/a>\n\t\t\t\t<\/span><\/div>\t\t\t\t\t\t<\/header><!-- .entry-header -->\n\t\t\t\t\t\t\t\t\t\t\t<div class=\"wp-show-posts-entry-summary\" itemprop=\"text\">\n\t\t\t\t\t\t\t<p>Zum 30. November 2022 hat das Projekt PluS-i sein Ende gefunden. Das m\u00f6chten wir zum Anlass nehmen und uns mit einem letzten Newsletter von Ihnen verabschieden, der hier zum Download&#8230;<\/p>\n\t\t\t\t\t\t<\/div><!-- .entry-summary -->\n\t\t\t\t\t<\/div><!-- wp-show-posts-inner --><\/article><article class=\" wp-show-posts-single post-2792 post type-post status-publish format-standard hentry category-uncategorized wpsp-col-6\" itemtype=\"http:\/\/schema.org\/CreativeWork\" itemscope><div class=\"wp-show-posts-inner\" style=\"\">\t\t\t\t\t\t<header class=\"wp-show-posts-entry-header\">\n\t\t\t\t\t\t\t<h4 class=\"wp-show-posts-entry-title\" itemprop=\"headline\"><a href=\"https:\/\/plus-i.de\/en\/2022\/09\/26\/veroeffentlichung-working-paper-nr-11-zu-den-motiven-ehrenamtlich-polizierender\/\" rel=\"bookmark\">Ver\u00f6ffentlichung Working Paper Nr. 11 zu den Motiven ehrenamtlich Polizierender<\/a><\/h4><div class=\"wp-show-posts-entry-meta wp-show-posts-entry-meta-below-title post-meta-inline\"><span class=\"wp-show-posts-posted-on wp-show-posts-meta\">\n\t\t\t\t\t<a href=\"https:\/\/plus-i.de\/en\/2022\/09\/26\/veroeffentlichung-working-paper-nr-11-zu-den-motiven-ehrenamtlich-polizierender\/\" title=\"01:04 PM\" rel=\"bookmark\"><time class=\"wp-show-posts-entry-date published\" datetime=\"2022-09-26T13:04:45+00:00\" itemprop=\"datePublished\">Monday September 26th, 2022<\/time><\/a>\n\t\t\t\t<\/span><\/div>\t\t\t\t\t\t<\/header><!-- .entry-header -->\n\t\t\t\t\t\t\t\t\t\t\t<div class=\"wp-show-posts-entry-summary\" itemprop=\"text\">\n\t\t\t\t\t\t\t<p>Das elfte Working Paper der PluS-i Working Paper-Reihe ist ver\u00f6ffentlicht. Frauke Reichl befasst sich im Working Paper mit ehrenamtlich polizierenden B\u00fcrger:innen. Aufgrund der Ehrenamtlichkeit sticht dieser Akteur aus der pluralisierten&#8230;<\/p>\n\t\t\t\t\t\t<\/div><!-- .entry-summary -->\n\t\t\t\t\t<\/div><!-- wp-show-posts-inner --><\/article><article class=\" wp-show-posts-single post-2775 post type-post status-publish format-standard hentry category-uncategorized wpsp-col-6\" itemtype=\"http:\/\/schema.org\/CreativeWork\" itemscope><div class=\"wp-show-posts-inner\" style=\"\">\t\t\t\t\t\t<header class=\"wp-show-posts-entry-header\">\n\t\t\t\t\t\t\t<h4 class=\"wp-show-posts-entry-title\" itemprop=\"headline\"><a href=\"https:\/\/plus-i.de\/en\/2022\/08\/26\/ankuendigung-erscheinungsdatum-sammelband-plural-policing-in-the-global-north-am-26-november-2022\/\" rel=\"bookmark\">Ank\u00fcndigung Erscheinungsdatum Sammelband \u201cPlural Policing in the Global North\u201d am 26. November 2022<\/a><\/h4><div class=\"wp-show-posts-entry-meta wp-show-posts-entry-meta-below-title post-meta-inline\"><span class=\"wp-show-posts-posted-on wp-show-posts-meta\">\n\t\t\t\t\t<a href=\"https:\/\/plus-i.de\/en\/2022\/08\/26\/ankuendigung-erscheinungsdatum-sammelband-plural-policing-in-the-global-north-am-26-november-2022\/\" title=\"10:53 AM\" rel=\"bookmark\"><time class=\"wp-show-posts-entry-date published\" datetime=\"2022-08-26T10:53:43+00:00\" itemprop=\"datePublished\">Friday August 26th, 2022<\/time><\/a>\n\t\t\t\t<\/span><\/div>\t\t\t\t\t\t<\/header><!-- .entry-header -->\n\t\t\t\t\t\t\t\t\t\t\t<div class=\"wp-show-posts-entry-summary\" itemprop=\"text\">\n\t\t\t\t\t\t\t<p>Die Ver\u00f6ffentlichung unseres englischsprachigen Sammelbands \u201cPlural Policing in the Global North\u201d (Springer) ist nun zum 26. November 2022 angek\u00fcndigt. Die Idee f\u00fcr diesen Sammelband entstand im Nachgang des virtuellen PluS-i&#8230;<\/p>\n\t\t\t\t\t\t<\/div><!-- .entry-summary -->\n\t\t\t\t\t<\/div><!-- wp-show-posts-inner --><\/article><article class=\" wp-show-posts-single post-2567 post type-post status-publish format-standard hentry category-veranstaltungen wpsp-col-6\" itemtype=\"http:\/\/schema.org\/CreativeWork\" itemscope><div class=\"wp-show-posts-inner\" style=\"\">\t\t\t\t\t\t<header class=\"wp-show-posts-entry-header\">\n\t\t\t\t\t\t\t<h4 class=\"wp-show-posts-entry-title\" itemprop=\"headline\"><a href=\"https:\/\/plus-i.de\/en\/2022\/03\/25\/plus-i-abschlussveranstaltung\/\" rel=\"bookmark\">PluS-i Abschlussveranstaltung<\/a><\/h4><div class=\"wp-show-posts-entry-meta wp-show-posts-entry-meta-below-title post-meta-inline\"><span class=\"wp-show-posts-posted-on wp-show-posts-meta\">\n\t\t\t\t\t<a href=\"https:\/\/plus-i.de\/en\/2022\/03\/25\/plus-i-abschlussveranstaltung\/\" title=\"07:19 AM\" rel=\"bookmark\"><time class=\"wp-show-posts-entry-date published\" datetime=\"2022-03-25T07:19:54+00:00\" itemprop=\"datePublished\">Friday March 25th, 2022<\/time><time class=\"wp-show-posts-updated\" datetime=\"2022-04-25T07:53:05+00:00\" itemprop=\"dateModified\">Monday April 25th, 2022<\/time><\/a>\n\t\t\t\t<\/span><\/div>\t\t\t\t\t\t<\/header><!-- .entry-header -->\n\t\t\t\t\t\t\t\t\t\t\t<div class=\"wp-show-posts-entry-summary\" itemprop=\"text\">\n\t\t\t\t\t\t\t<p>Am 22. M\u00e4rz 2022 fand die Abschlussveranstaltung des PluS-i Projektes statt, um die nun fast vergangenen f\u00fcnf Jahre Forschungst\u00e4tigkeiten im st\u00e4dtischen Raum vorzustellen und zu diskutieren. Die Onlineveranstaltung, die im&#8230;<\/p>\n\t\t\t\t\t\t<\/div><!-- .entry-summary -->\n\t\t\t\t\t<\/div><!-- wp-show-posts-inner --><\/article><div class=\"wpsp-clear\"><\/div><\/section><!-- .wp-show-posts -->\n\n<\/div>\n<div class=\"blog-textcol\"><a class=\"button blue\" href=\"https:\/\/plus-i.de\/en\/blog\/\" data-attr-shortcode=\"href:one_page_express_blog_link\">All News<\/a><\/div>\n<\/div>\n<\/div>\n<\/div>\n<\/div>\n<div id=\"features-7\" class=\"features-square-image-section\" style=\"background-color: #f6f6f6;\" data-label=\"Features\" data-id=\"features-square-image-section\">\n<div class=\"gridContainer\">\n<div class=\"features-square-image-textrow\">\n<div class=\"features-square-image-textcol\" data-type=\"column\">\n<h2 class=\"has-text-align-left\">Field of Research<\/h2>\n<p class=\"has-text-align-left\">The production of security in local areas is constantly changing. Since a couple of years this undergoing change is discussed under the term pluralisation which is particularly affecting policing. In the context of PluS-i, &nbsp;<b>policing<\/b> means a) patrolling in person and\/or b) guarding in person and\/or c) visible technical surveillance of public or semi-public spaces as well as measures directly resulting therefrom. Policing refers to the task of maintaining or achieving security and order, regardless of how and by whom security and order are defined. &nbsp;<b>Plural policing<\/b> is defined as the coexistent and\/or cooperative policing of at least two different distinguishable stakeholders in congruent, overlapping or continuous areas of competences.\nNowadays, &nbsp;<b>plural policing<\/b> in urban areas is a common phenomenon which can be characterised by the following four observations:<\/p>\n\n<\/div>\n<\/div>\n<div class=\"features-square-image-innerrow\" data-type=\"row\">\n<div class=\"features-square-image-featcol cp6cols-tablet cp3cols\">\n<h4>Pluralism of stakeholders<\/h4>\n\r\n\t<a class=\"paoc-popup-click paoc-popup-cust-2157 paoc-popup-simple_link paoc-popup-link\" href=\"javascript:void(0);\">more<\/a>\r\n\r\n\n\n<\/div>\n<div class=\"features-square-image-featcol cp6cols-tablet cp3cols\">\n<h4>Pluralism of competences<\/h4>\n\r\n\t<a class=\"paoc-popup-click paoc-popup-cust-2159 paoc-popup-simple_link paoc-popup-link\" href=\"javascript:void(0);\">more<\/a>\r\n\r\n\n\n<\/div>\n<div class=\"features-square-image-featcol cp6cols-tablet cp3cols\">\n<h4>Pluralism of topics<\/h4>\n\r\n\t<a class=\"paoc-popup-click paoc-popup-cust-2161 paoc-popup-simple_link paoc-popup-link\" href=\"javascript:void(0);\">more<\/a>\r\n\r\n\n\n<\/div>\n<div class=\"features-square-image-featcol cp6cols-tablet cp3cols\">\n<h4>Heterogeneity of pluralism<\/h4>\n\r\n\t<a class=\"paoc-popup-click paoc-popup-cust-2163 paoc-popup-simple_link paoc-popup-link\" href=\"javascript:void(0);\">more<\/a>\r\n\r\n\n\n<\/div>\n<\/div>\n<\/div>\n<\/div>\n<div id=\"features-3\" class=\"features-large-icons-section\" style=\"background-color: #ffffff;\" data-label=\"Features\" data-id=\"features-large-icons-section\">\n<div class=\"gridContainer\">\n<div class=\"features-large-icons-textrow\">\n<div class=\"features-large-icons-textcol\" data-type=\"column\">\n<h2 class=\"has-text-align-left\">Research Perspectives<\/h2>\n<p class=\"has-text-align-left\">PluS-i follows an interdisciplinary, integrative research approach and combines sociological, political-, economical-, social- and administrative-scientific research questions on plural policing.<\/p>\n\n<\/div>\n<\/div>\n<div class=\"features-large-icons-featrow\" data-type=\"row\">\n<div class=\"features-large-icons-featcol cp3cols cp6cols-tablet\">\n<div class=\"features-icon-container-nomargin\"><\/div>\n<h4>Sociology \/ Social Science<\/h4>\n\r\n\t<a class=\"paoc-popup-click paoc-popup-cust-2165 paoc-popup-simple_link paoc-popup-link\" href=\"javascript:void(0);\">more<\/a>\r\n\r\n\n\n<\/div>\n<div class=\"features-large-icons-featcol cp3cols cp6cols-tablet\">\n<div class=\"features-icon-container-nomargin\"><\/div>\n<h4>Political Science<\/h4>\n\r\n\t<a class=\"paoc-popup-click paoc-popup-cust-2167 paoc-popup-simple_link paoc-popup-link\" href=\"javascript:void(0);\">more<\/a>\r\n\r\n\n\n<\/div>\n<div class=\"features-large-icons-featcol cp3cols cp6cols-tablet\">\n<div class=\"features-icon-container-nomargin\"><\/div>\n<h4><span style=\"font-size: 1.11em; font-family: 'Source Sans Pro', sans-serif;\">Economic Science<\/span><\/h4>\n\r\n\t<a class=\"paoc-popup-click paoc-popup-cust-2169 paoc-popup-simple_link paoc-popup-link\" href=\"javascript:void(0);\">more<\/a>\r\n\r\n\n\n<\/div>\n<div class=\"features-large-icons-featcol cp3cols cp6cols-tablet\">\n<div class=\"features-icon-container-nomargin\"><\/div>\n<h4><span style=\"font-size: 1.11em; font-family: 'Source Sans Pro', sans-serif;\">Administrative \/ Social Science<\/span><\/h4>\n\r\n\t<a class=\"paoc-popup-click paoc-popup-cust-2171 paoc-popup-simple_link paoc-popup-link\" href=\"javascript:void(0);\">more<\/a>\r\n\r\n\n\n<\/div>\n<\/div>\n<\/div>\n<\/div>\n<div id=\"team-3\" class=\"team-small-section\" style=\"background-color: #f6f6f6;\" data-label=\"Team\" data-id=\"team-small-section\">\n<div>\n<div class=\"team-small-textcol\" data-type=\"column\">\n<h2>Our Team<\/h2>\nThe PluS-i junior research group members are representing complementary scientific disciplines ranging from sociology, criminology, political science, social science to economic science. The subject of plural policing is studied in close cooperation with practitioners and their experiences.\n\n<\/div>\n<div class=\"team-small-memberrow\" data-type=\"row\">\n<div class=\"team-small-membercol cp3cols\">\n<h4>Dr. Nathalie Hirschmann<\/h4>\nHead of junior research group\n<br class=\"clear\">\nPostDoc (Sociology and Criminology)\n<p style=\"margin-top: 1px;\"><\/p>\n<a class=\"\" href=\"https:\/\/plus-i.de\/nathalie-hirschmann\" target=\"_self\" rel=\"noopener\">more<\/a>\n<div class=\"team-small-iconsrow\" data-type=\"group\"><\/div>\n<\/div>\n<div class=\"team-small-membercol cp3cols\">\n<h4>Dr. Tobias John<\/h4>\nDeputy head of junior research group\n<br class=\"clear\">\nPostDoc (Political Science)\n<p style=\"margin-top: 1px;\"><\/p>\n<a href=\"https:\/\/plus-i.de\/tobias-john\" rel=\"noopener\">more<\/a>\n<div class=\"team-small-iconsrow\" data-type=\"group\"><\/div>\n<\/div>\n<div class=\"team-small-membercol cp3cols\">\n<h4>Frauke Reichl, M. A.<\/h4>\nPostgraduate\n(Social Science)\n<p style=\"margin-top: 1px;\"><\/p>\n<a href=\"https:\/\/plus-i.de\/frauke-reichl\" rel=\"noopener\">more<\/a>\n<div class=\"team-small-iconsrow\" data-type=\"group\"><\/div>\n<\/div>\n<div class=\"team-small-membercol cp3cols\">\n<h4>Sigrid Pehle, M. A.<\/h4>\nPostgraduate\n(Social Science and Criminology)\n<p style=\"margin-top: 1px;\"><\/p>\n<a href=\"https:\/\/plus-i.de\/sigrid-hiller\" rel=\"noopener\">more<\/a>\n<div class=\"team-small-iconsrow\" data-type=\"group\"><\/div>\n<\/div>\n<\/div>\n<div>\n<div>\n<div class=\"team-small-membercol cp3cols\">\n<h4>Dennis Goldig, M. Sc.<\/h4>\nPostgraduate\n(Economic Science)\n<p style=\"margin-top: 1px;\"><\/p>\n<a href=\"https:\/\/plus-i.de\/dennis-goldig\/\" rel=\"noopener\">more<\/a>\n<div class=\"team-small-iconsrow\" data-type=\"group\"><\/div>\n<\/div>\n<div class=\"team-small-membercol cp3cols\">\n<h4>Jacqueline Garand, B. A.<\/h4>\nStudent Assistant\n<p style=\"margin-top: 1px;\"><\/p>\n<a href=\"https:\/\/plus-i.de\/jacqueline-garand,-b-a\" rel=\"noopener\">more<\/a>\n\n<\/div>\n<div class=\"team-small-membercol cp3cols\">\n<h4>Nina Kleen, B. A.<\/h4>\nStudent Assistant\n<p style=\"margin-top: 1px;\"><\/p>\n<a href=\"https:\/\/plus-i.de\/nina-kleen\/\" rel=\"noopener\">more<\/a>\n\n<\/div>\n<div class=\"team-small-membercol cp3cols\">\n<h4>Alumni<\/h4>\n<p style=\"margin-top: 1px;\"><\/p>\n<a href=\"https:\/\/plus-i.de\/ehemalige-mitglieder-innen\/\" rel=\"noopener\">more<\/a>\n<div class=\"team-small-iconsrow\" data-type=\"group\"><\/div>\n<\/div>\n<div id=\"assozierte\" class=\"clients-grid-section\" style=\"background-color: #ffffff;\" data-label=\"Assozierte\" data-id=\"clients-grid-section\">\n<div class=\"gridContainer\">\n<div class=\"clients-grid-textrow row\" data-type=\"column\">\n<div class=\"clients-grid-textcol\" data-type=\"column\">\n<h2>Cooperation and Associate Partners<\/h2>\nThe junior research group PluS-i is supported by renown scientists (mentorship, advisory board, partner projects) as well as institutions and organisations from science and practice (associate partners).\n\n<\/div>\n<\/div>\n<div class=\"clients-grid-itemcol cp3cols cp3cols-tablet\">\n<div class=\"middle_align5\"><a href=\"https:\/\/plus-i.de\/mentoren\" target=\"_self\" rel=\"noopener noreferrer\"><img decoding=\"async\" class=\"clients-grid-itemimg\" src=\"https:\/\/plus-i.de\/wp-content\/uploads\/2017\/05\/Label-M-en.png\"><\/a><\/div>\n<\/div>\n<div class=\"clients-grid-itemcol cp3cols cp3cols-tablet\">\n<div class=\"middle_align5\"><a href=\"https:\/\/plus-i.de\/board\" target=\"_self\" rel=\"noopener noreferrer\"><img decoding=\"async\" class=\"clients-grid-itemimg\" src=\"https:\/\/plus-i.de\/wp-content\/uploads\/2017\/05\/Label-AB.png\"><\/a><\/div>\n<\/div>\n<div class=\"clients-grid-itemcol cp3cols cp3cols-tablet\">\n<div class=\"middle_align5\"><a href=\"https:\/\/plus-i.de\/partnerprojekte\" target=\"_self\" rel=\"noopener noreferrer\"><img decoding=\"async\" class=\"clients-grid-itemimg\" src=\"https:\/\/plus-i.de\/wp-content\/uploads\/2019\/11\/Label-PP-en.png\"><\/a><\/div>\n<\/div>\n<div class=\"clients-grid-itemcol cp3cols cp3cols-tablet\">\n<div class=\"middle_align5\"><a href=\"https:\/\/bdsw.de\" target=\"_self\" rel=\"noopener noreferrer\"><img decoding=\"async\" class=\"clients-grid-itemimg\" src=\"https:\/\/plus-i.de\/wp-content\/uploads\/2017\/06\/image001.jpg\"><\/a><\/div>\n<\/div>\n<div class=\"clients-grid-itemcol cp3cols cp3cols-tablet\">\n<div class=\"middle_align5\"><a href=\"https:\/\/dhpol.de\" target=\"_self\" rel=\"noopener noreferrer\"><img decoding=\"async\" class=\"clients-grid-itemimg\" src=\"https:\/\/plus-i.de\/wp-content\/uploads\/2017\/06\/logo_deutsch.jpg\"><\/a><\/div>\n<\/div>\n<div class=\"clients-grid-itemcol cp3cols cp3cols-tablet\">\n<div class=\"middle_align5\"><a href=\"http:\/\/ezkev.de\/home\/\" target=\"_self\" rel=\"noopener noreferrer\"><img decoding=\"async\" class=\"clients-grid-itemimg\" src=\"https:\/\/plus-i.de\/wp-content\/uploads\/2017\/06\/Logo300dpi.gif\"><\/a><\/div>\n<\/div>\n<div class=\"clients-grid-itemcol cp3cols cp3cols-tablet\">\n<div class=\"middle_align5\"><a href=\"https:\/\/www.fhoev.nrw.de\/forschung\/forschungszentren\/fz-ipk\/startseite.html\" target=\"_self\" rel=\"noopener noreferrer\"><img decoding=\"async\" class=\"clients-grid-itemimg\" src=\"https:\/\/plus-i.de\/wp-content\/uploads\/2017\/06\/logo_ipk_vektor.png\"><\/a><\/div>\n<\/div>\n<div class=\"clients-grid-itemcol cp3cols cp3cols-tablet\">\n<div class=\"middle_align5\"><a href=\"http:\/\/hfpv.de\" target=\"_self\" rel=\"noopener noreferrer\"><img decoding=\"async\" class=\"clients-grid-itemimg\" src=\"https:\/\/plus-i.de\/wp-content\/uploads\/2017\/06\/HfPV_1.jpg\"><\/a><\/div>\n<\/div>\n<div class=\"clients-grid-itemcol cp3cols cp3cols-tablet\">\n<div class=\"middle_align5\"><a href=\"http:\/\/www.polizei.nrw.de\/lafp\/index.html\" target=\"_self\" rel=\"noopener noreferrer\"><img decoding=\"async\" class=\"clients-grid-itemimg\" src=\"https:\/\/plus-i.de\/wp-content\/uploads\/2017\/06\/logo-lafp_druck_extern_300dpi.jpg\"><\/a><\/div>\n<\/div>\n<div class=\"clients-grid-itemcol cp3cols cp3cols-tablet\">\n<div class=\"middle_align5\"><a href=\"https:\/\/essen.de\" target=\"_self\" rel=\"noopener noreferrer\"><img decoding=\"async\" class=\"clients-grid-itemimg\" src=\"https:\/\/plus-i.de\/wp-content\/uploads\/2017\/06\/Marquette-Stadt-Essen-CMYK.jpg\"><\/a><\/div>\n<\/div>\n<\/div>\n<\/div>\n<div id=\"contact-1\" class=\"contact-2columns-section\" style=\"background-color: #f6f6f6;\" data-label=\"Contact\" data-id=\"contact-2columns-section\" data-setting=\"one_page_express_contact_form_shortcode\">\n<div class=\"gridContainer\">\n<div class=\"contact-2columns-textrow\">\n<div class=\"contact-2columns-textcol\">\n<h2>Contact<\/h2>\n<\/div>\n<\/div>\n<div class=\"contact-2columns-contentrow\">\n<div class=\"contact-2columns-formrow\">\n<div class=\"contact-2columns-formcol\" data-content-shortcode=\"one_page_express_contact_form\"><\/div>\n<div class=\"contact-2columns-contactcol\">\n<div class=\"contact-2columns-itemrow\">\n<div class=\"contact-2columns-iconcol\"><\/div>\n<div class=\"column_284\">\n<p class=\"contact-2columns-itemtextcol\"><\/p>\n\n<div>Junior Research Group PluS-i<\/div>\n<div>University of M\u00fcnster<\/div>\n<div>Institute of Political Science<\/div>\n<div>Scharnhorststr. 100<\/div>\n<div>D-48151 Muenster<\/div>\n<div>Room 801-803<\/div>\n<\/div>\n<\/div>\n<div class=\"contact-2columns-itemrow\">\n<div class=\"contact-2columns-iconcol\"><\/div>\n<div class=\"column_284\">\n<p class=\"contact-2columns-itemtextcol\">+49-(0)251-83-30533<\/p>\n\n<\/div>\n<\/div>\n<div class=\"contact-2columns-itemrow\">\n<div class=\"contact-2columns-iconcol\"><\/div>\n<div class=\"column_284\">\n<p class=\"contact-2columns-itemtextcol\">plusi[at]uni-muenster[dot]de<\/p>\n\n<\/div>\n<\/div>\n<div class=\"contact-2columns-itemrow\">\n<div class=\"contact-2columns-iconcol\"><\/div>\n<div class=\"column_284\">\n<p class=\"contact-2columns-itemtextcol\">Fax:&nbsp;<span style=\"font-family: 'Source Sans Pro', sans-serif; font-size: 18px;\">+49-(0)251-83-24378<\/span><\/p>\n\n<\/div>\n<\/div>\n<\/div>\n<\/div>\n<\/div>\n<\/div>\n<\/div>\n<div id=\"clients-2\" class=\"clients-strip-section\" style=\"background-color: #ffffff;\" data-label=\"Clients\" data-id=\"clients-strip-section\">\n<div class=\"row_187\" data-type=\"row\" data-add-content=\"false\">\n<div class=\"clients-strip-itemcol cp3cols\">\n<div class=\"middle_align1\"><a href=\"https:\/\/www.uni-muenster.de\" target=\"_self\" rel=\"noopener noreferrer\"><img decoding=\"async\" class=\"clients-strip-itemimg\" src=\"http:\/\/plus-i.de\/wp-content\/uploads\/2017\/05\/attachment-300x144.png\"><\/a><\/div>\n<\/div>\n<div class=\"clients-strip-itemcol cp3cols\">\n<div class=\"middle_align1\"><a href=\"https:\/\/www.uni-muenster.de\/IfPol\/\" target=\"_self\" rel=\"noopener noreferrer\"><img decoding=\"async\" class=\"clients-strip-itemimg\" src=\"http:\/\/plus-i.de\/wp-content\/uploads\/2017\/05\/ifpol-logo.layout-e1383419799758.png\"><\/a><\/div>\n<\/div>\n<div class=\"clients-strip-itemcol cp3cols\">\n<div class=\"middle_align1\"><a href=\"https:\/\/bmbf.de\" target=\"_self\" rel=\"noopener noreferrer\"><img decoding=\"async\" class=\"clients-strip-itemimg\" src=\"https:\/\/plus-i.de\/wp-content\/uploads\/2019\/08\/BMBF_gef\u00f6rdert-vom_deutsch.jpg\"><\/a><\/div>\n<\/div>\n<div class=\"clients-strip-itemcol cp3cols\">\n<div class=\"middle_align1\"><a href=\"https:\/\/sifo.de\" target=\"_self\" rel=\"noopener noreferrer\"><img decoding=\"async\" class=\"clients-strip-itemimg\" src=\"https:\/\/plus-i.de\/wp-content\/uploads\/2019\/04\/SIFO_ohne_www_BLAU_cmyk_C3-1.jpg\"><\/a><\/div>\n<\/div>\n<\/div>\n\n\n<\/div>\n<\/div>\n<\/div>\n<\/div>\n<\/div>\n<\/div>","protected":false},"excerpt":{"rendered":"<p>Project: research questions and objectives Pluralisation of local urban security production (PluS-i) The junior research group Pluralisation of local urban security production &#8211; interdisciplinary analysis for a context adequate, legitimate, efficient and effective plural policing (PluS-i) at the Institute of Political Science, University of M\u00fcnster (WWU), studies the heterogenous development of local security production. By&hellip; <br \/> <a class=\"button small blue\" href=\"https:\/\/plus-i.de\/en\/2022\/03\/25\/plus-i-abschlussveranstaltung\/\">Read more<\/a><\/p>\n","protected":false},"author":1,"featured_media":0,"parent":0,"menu_order":0,"comment_status":"closed","ping_status":"closed","template":"","meta":{"inline_featured_image":false},"_links":{"self":[{"href":"https:\/\/plus-i.de\/en\/wp-json\/wp\/v2\/pages\/5"}],"collection":[{"href":"https:\/\/plus-i.de\/en\/wp-json\/wp\/v2\/pages"}],"about":[{"href":"https:\/\/plus-i.de\/en\/wp-json\/wp\/v2\/types\/page"}],"author":[{"embeddable":true,"href":"https:\/\/plus-i.de\/en\/wp-json\/wp\/v2\/users\/1"}],"replies":[{"embeddable":true,"href":"https:\/\/plus-i.de\/en\/wp-json\/wp\/v2\/comments?post=5"}],"version-history":[{"count":10,"href":"https:\/\/plus-i.de\/en\/wp-json\/wp\/v2\/pages\/5\/revisions"}],"predecessor-version":[{"id":2758,"href":"https:\/\/plus-i.de\/en\/wp-json\/wp\/v2\/pages\/5\/revisions\/2758"}],"wp:attachment":[{"href":"https:\/\/plus-i.de\/en\/wp-json\/wp\/v2\/media?parent=5"}],"curies":[{"name":"wp","href":"https:\/\/api.w.org\/{rel}","templated":true}]}}