{"id":1772,"date":"2021-01-05T14:48:06","date_gmt":"2021-01-05T13:48:06","guid":{"rendered":"https:\/\/plus-i.de\/?page_id=1772"},"modified":"2021-04-09T10:29:31","modified_gmt":"2021-04-09T08:29:31","slug":"lucia-maldinger-m-a","status":"publish","type":"page","link":"https:\/\/plus-i.de\/en\/lucia-maldinger-m-a\/","title":{"rendered":"Lucia Maldinger, M. A."},"content":{"rendered":"<p><\/p>\n<p><strong>Lucia Maldinger, M.A. Sociology<\/strong><\/p>\n<p>Lucia Maldinger is a sociologist. Her research interests are amongst others: analysis of deviant behaviour within security production as well as risk situations of government employees. She also worked as a consultant in the security industry.<\/p>\n<p>In the context of the BMBF funded junior research group PluS-i she works as a research assistant and mainly focuses on transferring the knowledge of the academic findings into practice.<\/p>\n<p><strong>Main research and working interests:<\/strong><\/p>\n<ul>\n<li>organisational sociology<\/li>\n<li>legal and regulatory sociology<\/li>\n<li>criminology<\/li>\n<li>security research focussing on security concepts and security stakeholders<\/li>\n<li>security and safety advice\n<\/li>\n<\/ul>\n<p><strong><br>Publication<\/strong><\/p>\n<p>Bernhard Frevel, Christoph G\u00f6risch, Claudia Kaup, Andreas Kohl und Lucia Maldinger (2019): \u00dcbergriffe gegen Besch\u00e4ftigte in Kommunalverwaltungen. Analyse und Handlungsempfehlungen. Institut f\u00fcr Polizei- und Kriminalwissenschaft, komba nrw.<\/p>\n<p><strong>Contact information<\/strong><\/p>\n<p>Lucia Maldinger, M. A.<\/p>\n<p>University of M\u00fcnster<br>Institute of Political Science<br>Junior Research Group&nbsp;PluS-i<br>Scharnhorststr. 100<br>D-48151 M\u00fcnster<\/p>\n<p>Room 803<\/p>\n<p>Tel.: +49 (0)251 83-29123<\/p>\n<p>e-mail: lucia[dot]maldinger[at]uni-muenster[dot]de<\/p>\n<p><img decoding=\"async\" loading=\"lazy\" class=\"wp-image-578 size-full alignleft\" src=\"https:\/\/plus-i.de\/wp-content\/uploads\/2017\/06\/PluS-i-Logo-mit-Titel-Meta-klein.png\" alt=\"\" width=\"400\" height=\"100\" srcset=\"https:\/\/plus-i.de\/wp-content\/uploads\/2017\/06\/PluS-i-Logo-mit-Titel-Meta-klein.png 400w, https:\/\/plus-i.de\/wp-content\/uploads\/2017\/06\/PluS-i-Logo-mit-Titel-Meta-klein-300x75.png 300w\" sizes=\"(max-width: 400px) 100vw, 400px\" \/><img decoding=\"async\" loading=\"lazy\" class=\"size-full wp-image-398 alignright\" src=\"https:\/\/plus-i.de\/wp-content\/uploads\/2017\/06\/BMBF_CMYK_Gef_M_C2-1-e1496915169856.jpg\" alt=\"\" width=\"133\" height=\"100\"><\/p>\n<p><\/p>\n\n\n<p><\/p>","protected":false},"excerpt":{"rendered":"<p>Lucia Maldinger, M.A. Sociology Lucia Maldinger is a sociologist. Her research interests are amongst others: analysis of deviant behaviour within security production as well as risk situations of government employees. She also worked as a consultant in the security industry. In the context of the BMBF funded junior research group PluS-i she works as a&hellip; <br \/> <a class=\"button small blue\" href=\"https:\/\/plus-i.de\/en\/lucia-maldinger-m-a\/\">Read more<\/a><\/p>\n","protected":false},"author":7,"featured_media":0,"parent":0,"menu_order":0,"comment_status":"closed","ping_status":"closed","template":"","meta":{"inline_featured_image":false},"_links":{"self":[{"href":"https:\/\/plus-i.de\/en\/wp-json\/wp\/v2\/pages\/1772"}],"collection":[{"href":"https:\/\/plus-i.de\/en\/wp-json\/wp\/v2\/pages"}],"about":[{"href":"https:\/\/plus-i.de\/en\/wp-json\/wp\/v2\/types\/page"}],"author":[{"embeddable":true,"href":"https:\/\/plus-i.de\/en\/wp-json\/wp\/v2\/users\/7"}],"replies":[{"embeddable":true,"href":"https:\/\/plus-i.de\/en\/wp-json\/wp\/v2\/comments?post=1772"}],"version-history":[{"count":7,"href":"https:\/\/plus-i.de\/en\/wp-json\/wp\/v2\/pages\/1772\/revisions"}],"predecessor-version":[{"id":2300,"href":"https:\/\/plus-i.de\/en\/wp-json\/wp\/v2\/pages\/1772\/revisions\/2300"}],"wp:attachment":[{"href":"https:\/\/plus-i.de\/en\/wp-json\/wp\/v2\/media?parent=1772"}],"curies":[{"name":"wp","href":"https:\/\/api.w.org\/{rel}","templated":true}]}}