{"id":1395,"date":"2019-11-06T13:48:35","date_gmt":"2019-11-06T12:48:35","guid":{"rendered":"https:\/\/plus-i.de\/?page_id=1395"},"modified":"2024-04-19T20:38:34","modified_gmt":"2024-04-19T18:38:34","slug":"publikationen","status":"publish","type":"page","link":"https:\/\/plus-i.de\/en\/publikationen\/","title":{"rendered":"Publications"},"content":{"rendered":"<p><\/p>\n<p><!-- \/wp:paragraph --><\/p>\n<p><!-- wp:paragraph --><\/p>\n<p><\/p>\n<p><!-- \/wp:paragraph --><\/p>\n<p><!--EndFragment--><\/p>\n<p class=\"has-large-font-size\"><strong>2023<\/strong><\/p>\n<p>Sigrid Pehle (2023): Polizeiliches Kommunikationsmanagement : Polizei zwischen Selbstdarstellung und \u00f6ffentlicher Wahrnehmung. Deutsche Hochschule der Polizei, M\u00fcnster.<\/p>\n<div>\n<p>Frauke Reichl (2023): Sicherheitsgef\u00fcge zwischen Staat und Zivilgesellschaft<br>\nEine theoretische Konzeptualisierung ihres Verh\u00e4ltnisses und empirische Untersuchung lokaler Sicherheitsb\u00fcndnisse. Verlag f\u00fcr Polizeiwissenschaft, Frankfurt am Main.<\/p>\n<div>\n<p>Bernhard Frevel, Tobias John (2023): Plural Policing \u2013 Sicherheitsarbeit durch Kooperation. In: Dieter Wehe, Helmut Siller (Eds.): Handbuch Polizeimanagement. Polizeipolitik \u2013 Polizeiwissenschaft \u2013 Polizeipraxis. Springer Gabler, Wiesbaden.<\/p>\n<p class=\"has-large-font-size\"><strong>2022<\/strong><\/p>\n<p>Frauke Reichl (2022). <span id=\"page1024R_mcid4\" class=\"markedContent\"><span dir=\"ltr\" role=\"presentation\"> Motive ehrenamtlich Polizierender<\/span><\/span>, PluS-i Working Paper Nr. 11, September 2022, M\u00fcnster. <a href=\"https:\/\/download.plus-i.de\/index.php\/s\/5B32BNf3TZCSf23\" target=\"_blank\" rel=\"noopener\">Download<\/a><\/p>\n<div>\n<p>Nathalie Hirschmann (2022): Zum Transfer wissenschaftlicher Erkenntnisse in die Praxis \u2013 Konzeptidee f\u00fcr einen projekt\u00fcbergreifenden Ansatz in der zivilen Sicherheitsforschung (aus dem Nachwuchsforschungsprojekt \u201ePluS-i\u201c). <span lang=\"EN-US\">In: <a href=\"http:\/\/www.forum-kriminalpraevention.de\/magazine\/catalog_21618558\/html5.html#\/1\">forum kriminalpr\u00e4vention, 03\/2022<\/a>, p. 9-12.<\/span><\/p>\n<\/div>\n<div>\n<p>Nathalie Hirschmann, Tobias John, Frauke Reichl, Jacqueline Garand (Eds.) <span lang=\"EN-US\">(2022): Plural Policing in the Global North: Insights into Concepts, Aspects and Practices, Springer Nature, Cham.<\/span><\/p>\n<\/div>\n<div>\n<p><span lang=\"EN-US\">Tobias John (2022): Plural Policing in Germany \u2013 Heterogeneity and the Contingency of its Making. In: Nathalie Hirschmann, Tobias John, Frauke Reichl, Jacqueline Garand (Eds.): Plural Policing in the Global North: Insights into Concepts, Aspects and Practices, Springer Nature, Cham, p. 51-69.<\/span><\/p>\n<\/div>\n<div>\n<p><span lang=\"EN-US\">Bernhard Frevel, Sigrid Pehle (2022): Plural Policing of Immigrant Neighbourhoods in Germany: An Understanding of the Concept and Resulting Recommendations for Action. In: Nathalie Hirschmann, Tobias John, Frauke Reichl, Jacqueline Garand (Eds.): Plural Policing in the Global North: Insights into Concepts, Aspects and Practices, Springer Nature, Cham, p. 73-85.<\/span><\/p>\n<\/div>\n<div>\n<p><span lang=\"EN-US\">Frauke Reichl (2022): Volunteer Police Services in Germany \u2013 Two Case Studies on Goals and Underlying Forms of Legitimacy. In: Nathalie Hirschmann, Tobias John, Frauke Reichl, Jacqueline Garand (Eds.): Plural Policing in the Global North: Insights into Concepts, Aspects and Practices, Springer Nature, Cham, p. 111-135.<\/span><\/p>\n<\/div>\n<div>\n<p><span lang=\"EN-US\">Nathalie Hirschmann, Frauke Reichl (2022): Empirical Insights into the Complexity of a Pluralised Security Work. In: Nathalie Hirschmann, Tobias John, Frauke Reichl, Jacqueline Garand (Eds.): Plural Policing in the Global North: Insights into Concepts, Aspects and Practices, Springer Nature, Cham, p. 217-236.<\/span><\/p>\n<\/div>\n<p><span style=\"font-size: revert;\">Nathalie Hirschmann, Nina Kleen, Frauke Reichl (2022): Plurales Polizieren in deutschen Gro\u00dfst\u00e4dten \u2013 Wahrnehmung und Unterscheidbarkeit urbaner Sicherheitsakteure.&nbsp;<\/span><span lang=\"EN-US\">In: <a href=\"https:\/\/www.bmi.gv.at\/104\/Wissenschaft_und_Forschung\/SIAK-Journal\/SIAK-Journal-Ausgaben\/Jahrgang_2022\/files\/Hirschmann_3_2022.pdf\">SIAK-Journal, 3\/2022<\/a>, p. 29-38.<\/span><\/p>\n<p class=\"has-large-font-size\"><strong>2021<\/strong><\/p>\n<p>Sigrid Pehle, Frauke Reichl (2021): Einblicke in das Projekt PluS-i: Ehrenamtliche als Akteur pluralen Polizierens. In: <span dir=\"ltr\" role=\"presentation\">Clemens Arzt, Nathalie Hirschmann, Daniela Hunold, Sven L\u00fcders, Christoph Mei\u00dfelbach, Marschel Sch\u00f6ne, Birgitta Sticher (Eds.): Perspektiven der Polizeiforschung: 1. Nachwuchstagung Empirische Polizeiforschung \u2013 4.\/5. M\u00e4rz 2021. [In Zusammenarbeit mit Arbeitskreis Empirische Polizeiforschung, Forschungsinstitut f\u00fcr \u00f6ffentliche und private Sicherheit der Hochschule f\u00fcr Wirtschaft und Recht Berlin (F\u00d6PS Berlin), S\u00e4chsisches Institut f\u00fcr Polizei- und Sicherheitsforschung (SIPS)]. Berlin, Dezember 2021. DOI: <a href=\"https:\/\/doi.org\/10.4393\/opushwr-3370\" target=\"_blank\" rel=\"noopener noreferrer\">https:\/\/doi.org\/10.4393\/opushwr-3370<\/a>.&nbsp; <\/span><\/p>\n<p>Tobias John, Sigrid Pehle &amp; Dennis Goldig (2021): Plurales Polizieren &#8211; Modelle, b\u00fcrgerschaftliche Zufriedenheit und Zahlungsbereitschaft. In: <a href=\"https:\/\/www.dersicherheitsdienst.de\/images\/dsd-ausgaben\/2021\/DSD_04-2021.pdf\">DSD &#8211; Der Sicherheitsdienst. Fachmagazin f\u00fcr die Sicherheitswirtschaft<\/a>. 73. Jahrgang | Ausgabe 4, p. 59-63.<\/p>\n<p>Sigrid Pehle (2021): Hochzufrieden &#8211; Befragung zur Bewertung der Arbeit von Sicherheitsakteuren. In: GIT Sicherheit. Magazin f\u00fcr Safety und Security. 30. Jahrgang | Ausgabe 10, p. 36-37.<\/p>\n<p>Sigrid Pehle (2021): Unterst\u00fctzungsangebote f\u00fcr Betroffene von Kriminalit\u00e4t. In: Frevel, Bernhard (Ed.): Kriminalit\u00e4t: Ursachen, Formen und Bek\u00e4mpfung. Aschendorff Verlag, p. 250-262.<\/p>\n<p><\/p>\n<p class=\"has-large-font-size\"><strong>2020<\/strong><\/p>\n<p><!-- \/wp:paragraph --> <!-- wp:paragraph --><\/p>\n<p>Tobias John, Nathalie Hirschmann (2020). Polizeiliches Handeln im Kontext pluralen Polizierens \u2013 Erkenntnisse aus dem Forschungsprojekt PluS-i. In: Daniela Hunold, Andreas Ruch (Eds.). Polizeiarbeit zwischen Praxishandeln und Rechtsordnung. Empirische Polizeiforschungen zur polizeipraktischen Ausgestaltung des Rechts. Springer, Wiesbaden.<\/p>\n<p>Lisa Vogt (2020). Die Wahrnehmung pluralen Polizierens im urbanen Raum \u2013 erste Erkenntnisse des Mappings aus den Jahren 2018 und 2019, PluS-i Working Paper Nr. 10, November 2020, M\u00fcnster. <a href=\"https:\/\/plus-i.de\/wp-content\/uploads\/2021\/04\/PluS-i_Working_Paper_Nr.10.pdf\" target=\"_blank\" rel=\"noopener\">Download<\/a><\/p>\n<p>Dennis Goldig, Nathalie Hirschmann, Tobias John, Keerthana Kuperan, Sigrid Pehle Frauke Reichl, Lisa Vogt (2020). Forschungsmethoden im PluS-i Projekt, PluS-i Working Paper Nr. 9, Oktober 2020, M\u00fcnster. <a href=\"https:\/\/plus-i.de\/wp-content\/uploads\/2021\/04\/PluS-i_Working_Paper_Nr.9.pdf\" target=\"_blank\" rel=\"noopener\">Download<\/a><\/p>\n<p>Frauke Reichl (2020). Nutzung sozialer Medien durch die Zivilgesellschaft im Bereich von Sicherheit und Ordnung. In: Deutsches Polizeiblatt 38 (3), p. 26-28<\/p>\n<p>Nathalie Hirschmann (2020): Private security production. In: Gabriele Jacobs, Ilona Suojanen, Kate E. Horton &amp; Petra Saskia Bayerl (Eds.): International Security Management: New Solutions to Complexity. Springer, Wiesbaden.<\/p>\n<p>Nathalie Hirschmann (2020). Policing Diversity in Germany and its Consequences for Professional Development. In: Veronika Nagy &amp; Kl\u00e1ra Kerezsi (Eds.). A Critical Approach to Police Science. New Perspectives in Post-Transitional Policing Studies. Den Haag: Eleven international publishing.<\/p>\n<p>Andreas Ruch (2020). Juristische Betrachtung des pluralen Polizierens. Mit Vorwort von PluS-i zur Einbettung in das Projekt, PluS-i Working Paper Nr. 8, April 2020, M\u00fcnster. <a href=\"https:\/\/plus-i.de\/wp-content\/uploads\/2021\/04\/PluS-i_Working_Paper_Nr.8.pdf\" target=\"_blank\" rel=\"noopener\">Download<\/a><\/p>\n<p>Tobias John, Nathalie Hirschmann (2020). Modelle des pluralen Polizierens, PluS-i Working Paper Nr. 7, April 2020, M\u00fcnster. <a href=\"https:\/\/plus-i.de\/wp-content\/uploads\/2021\/04\/PluS-i_Working_Paper_Nr.7.pdf\" target=\"_blank\" rel=\"noopener\">Download<\/a><\/p>\n<p>Sigrid Pehle (2020). Polizeiliche Leitbilder im Kontext der Organisationssoziologie &#8211; Ein \u00dcberblick. In: Sabrina Ellebrecht, Nicholas Eschenbruch, Peter Zoche (Eds.), Sicherheitslagen und Sicherheitstechnologien. Beitr\u00e4ge der ersten Sommerakademie der zivilen Sicherheitsforschung 2018. M\u00fcnster: LIT, p. 31-48.<\/p>\n<p>Frauke Reichl, Nathalie Hirschmann (2020). Pluralisierung lokaler urbaner Sicherheitsproduktion \u2013 Einblicke in das Forschungsprojekt PluS-i und erste Forschungsergebnisse am Beispiel des ehrenamtlichen Polizierens. In: SIAK Journal, 1\/2020, p. 40-54.<\/p>\n<p><\/p>\n<p class=\"has-large-font-size\" style=\"text-align: left;\"><strong>2019<\/strong><\/p>\n<p><!-- \/wp:paragraph --> <!-- wp:paragraph --><\/p>\n<p>Dennis Goldig (2019). Der Wert von Pr\u00e4senz: Subjektives Sicherheitsempfinden, Institutionenvertrauen und Zahlungsbereitschaft f\u00fcr Streifendienste \u00f6ffentlicher Sicherheitsakteure, PluS-i Working Paper Nr. 6, Dezember 2019, M\u00fcnster. <a href=\"https:\/\/plus-i.de\/wp-content\/uploads\/2021\/04\/Working_Paper_Nr.6.pdf\" target=\"_blank\" rel=\"noopener\">Download<\/a><\/p>\n<p>Frauke Reichl (2019). Polizierende B\u00fcrgergruppen und deren theoretische Konzeptualisierung. In: Kriminologie &#8211; Das Online-Journal 1 (2).<\/p>\n<p>Frauke Reichl (2019). From Vigilantism to Digitalism. In: Babak Akhgar, Petra Saskia Bayerl, George Leventakis (Eds.):&nbsp;Social Media Strategy in Policing. From Cultural Intelligence to Community Policing. Wiesbaden: Springer Verlag.<\/p>\n<p><!-- \/wp:paragraph --> <!-- wp:paragraph --><\/p>\n<p>Nathalie Hirschmann, Tobias John (2019). Projekt PluS-i: Forschungsgegenstand, Forschungsziele und Forschungskonzeption, PluS-i Working Paper Nr. 1, Oktober 2019 (3. Edition). <a href=\"https:\/\/plus-i.de\/wp-content\/uploads\/2021\/04\/Working-Paper-1_aktualisiert-2019.pdf\" target=\"_blank\" rel=\"noopener\">Download<\/a><\/p>\n<p><\/p>\n<p><!-- wp:paragraph {\"align\":\"center\",\"fontSize\":\"large\"} --><\/p>\n<p class=\"has-large-font-size\" style=\"text-align: left;\"><strong>2018 <\/strong><\/p>\n<p><!-- \/wp:paragraph --> <!-- wp:paragraph --><\/p>\n<p>Sigrid Pehle (2018). Die Bev\u00f6lkerungsbefragung \u2013 Fragebogenkonstruktion, PluS-i Working Paper Nr. 5, Dezember 2018, M\u00fcnster. <a href=\"https:\/\/plus-i.de\/wp-content\/uploads\/2021\/04\/Working_Paper_Nr.5.pdf\" target=\"_blank\" rel=\"noopener\">Download<\/a><\/p>\n<p><!-- \/wp:paragraph --> <!-- wp:paragraph --><\/p>\n<p>Frauke Reichl (2018). Virtuelle B\u00fcrgerwehren \u2013 Die politische Ausrichtung und das Verh\u00e4ltnis von B\u00fcrgerwehren auf Facebook zum Staat, PluS-i Working Paper Nr. 4, Dezember 2018, M\u00fcnster. <a href=\"https:\/\/plus-i.de\/wp-content\/uploads\/2021\/04\/Working_Paper_Nr.4.pdf\" target=\"_blank\" rel=\"noopener\">Download<\/a><\/p>\n<p><!-- \/wp:paragraph --> <!-- wp:paragraph --><\/p>\n<p>Nathalie Hirschmann (2018). Sicherheitsdienstleister im System der Sicherheit: Zu den Ausbaubestrebungen der Sicherheitswirtschaft und dem Wettbewerb mit der Polizei um Zust\u00e4ndigkeitsbereiche. In: Zeitschrift f\u00fcr Friedens- und Konfliktforschung, 7. Jg., Heft 1, S. 96-131; DOI: 10.5771\/2192-1741-2018-1-96.<\/p>\n<p><!-- \/wp:paragraph --> <!-- wp:paragraph --><\/p>\n<p>Nathalie Hirschmann (2018). Gewerblich produzierte Sicherheit. In: KOPO \u2013 kommunalpolitische Bl\u00e4tter, 70. Jg., Heft 4, S. 22-24.<\/p>\n<p><!-- \/wp:paragraph --> <!-- wp:paragraph --><\/p>\n<p>Frauke Reichl (2018). Ehrenamtliches Polizieren in Deutschland, PluS-i Working Paper Nr. 3, April 2018, M\u00fcnster. <a href=\"https:\/\/plus-i.de\/wp-content\/uploads\/2021\/04\/Working_Paper_Nr.3.pdf\" target=\"_blank\" rel=\"noopener\">Download<\/a><\/p>\n<p><!-- \/wp:paragraph --> <!-- wp:paragraph --><\/p>\n<p>Nathalie Hirschmann, Tobias John (2018). Nachwuchsforschungsprojekt PluS-i: Interdisziplin\u00e4re Analysen f\u00fcr ein kontextad\u00e4quates, legitimes, effizientes und effektives plurales Polizieren im urbanen Raum. In: Anja Mensching, Astrid Jacobsen (Eds.): Empirische Polizeiforschung XXI \u201ePolizei im Spannungsfeld von Autorit\u00e4t, Legitimit\u00e4t und Kompetenz\u201c. Frankfurt a.\/M.: Verlag f\u00fcr Polizeiwissenschaft, p. 71-84.<\/p>\n<p><!-- \/wp:paragraph --> <!-- wp:paragraph --><\/p>\n<p>Tobias John, Dennis Goldig, Nathalie Hirschmann (2018). Plurales Polizieren in deutschen Gro\u00dfst\u00e4dten &#8211; \u00dcberblick und Fallauswahl f\u00fcr das Projekt PluS-i, PluS-i Working Paper Nr. 2, M\u00e4rz 2018, M\u00fcnster. <a href=\"https:\/\/plus-i.de\/wp-content\/uploads\/2021\/04\/Working_Paper_Nr.2.pdf\" target=\"_blank\" rel=\"noopener\">Download<\/a><\/p>\n<p><!-- \/wp:paragraph --> <!-- wp:paragraph --><\/p>\n<p>Nathalie Hirschmann, Tobias John (2018). Projekt PluS-i: Forschungsgegenstand, Forschungsziele und Forschungskonzeption, PluS-i Working Paper Nr. 1, Februar 2018 (2. Edition), M\u00fcnster.<\/p>\n<p><\/p>\n<p><img decoding=\"async\" loading=\"lazy\" class=\"wp-image-578 size-full alignleft\" src=\"https:\/\/plus-i.de\/wp-content\/uploads\/2017\/06\/PluS-i-Logo-mit-Titel-Meta-klein.png\" alt=\"\" width=\"400\" height=\"100\" srcset=\"https:\/\/plus-i.de\/wp-content\/uploads\/2017\/06\/PluS-i-Logo-mit-Titel-Meta-klein.png 400w, https:\/\/plus-i.de\/wp-content\/uploads\/2017\/06\/PluS-i-Logo-mit-Titel-Meta-klein-300x75.png 300w\" sizes=\"(max-width: 400px) 100vw, 400px\" \/><img decoding=\"async\" loading=\"lazy\" class=\"size-full wp-image-398 alignright\" src=\"https:\/\/plus-i.de\/wp-content\/uploads\/2017\/06\/BMBF_CMYK_Gef_M_C2-1-e1496915169856.jpg\" alt=\"\" width=\"133\" height=\"100\"><\/p>\n<p><!-- wp:paragraph --><\/p>\n<p><\/p>\n<p><!-- \/wp:paragraph --><\/p>\n<\/div>\n<\/div><\/div><\/div>","protected":false},"excerpt":{"rendered":"<p>2023 Sigrid Pehle (2023): Polizeiliches Kommunikationsmanagement : Polizei zwischen Selbstdarstellung und \u00f6ffentlicher Wahrnehmung. Deutsche Hochschule der Polizei, M\u00fcnster. Frauke Reichl (2023): Sicherheitsgef\u00fcge zwischen Staat und Zivilgesellschaft Eine theoretische Konzeptualisierung ihres Verh\u00e4ltnisses und empirische Untersuchung lokaler Sicherheitsb\u00fcndnisse. Verlag f\u00fcr Polizeiwissenschaft, Frankfurt am Main. Bernhard Frevel, Tobias John (2023): Plural Policing \u2013 Sicherheitsarbeit durch Kooperation. In: Dieter&hellip; <br \/> <a class=\"button small blue\" href=\"https:\/\/plus-i.de\/en\/publikationen\/\">Read more<\/a><\/p>\n","protected":false},"author":7,"featured_media":0,"parent":0,"menu_order":0,"comment_status":"closed","ping_status":"closed","template":"","meta":{"inline_featured_image":false},"_links":{"self":[{"href":"https:\/\/plus-i.de\/en\/wp-json\/wp\/v2\/pages\/1395"}],"collection":[{"href":"https:\/\/plus-i.de\/en\/wp-json\/wp\/v2\/pages"}],"about":[{"href":"https:\/\/plus-i.de\/en\/wp-json\/wp\/v2\/types\/page"}],"author":[{"embeddable":true,"href":"https:\/\/plus-i.de\/en\/wp-json\/wp\/v2\/users\/7"}],"replies":[{"embeddable":true,"href":"https:\/\/plus-i.de\/en\/wp-json\/wp\/v2\/comments?post=1395"}],"version-history":[{"count":10,"href":"https:\/\/plus-i.de\/en\/wp-json\/wp\/v2\/pages\/1395\/revisions"}],"predecessor-version":[{"id":2822,"href":"https:\/\/plus-i.de\/en\/wp-json\/wp\/v2\/pages\/1395\/revisions\/2822"}],"wp:attachment":[{"href":"https:\/\/plus-i.de\/en\/wp-json\/wp\/v2\/media?parent=1395"}],"curies":[{"name":"wp","href":"https:\/\/api.w.org\/{rel}","templated":true}]}}